{"id":51543,"date":"2023-01-30T09:08:51","date_gmt":"2023-01-30T09:08:51","guid":{"rendered":"https:\/\/careers.enstall.com\/vacancies\/"},"modified":"2025-02-26T12:19:01","modified_gmt":"2025-02-26T12:19:01","slug":"vacancies-esg","status":"publish","type":"page","link":"https:\/\/careers.enstall.com\/es\/vacancies-esg\/","title":{"rendered":"Vacancies"},"content":{"rendered":"<p>[et_pb_section fb_built=\u00bb1&#8243; fullwidth=\u00bbon\u00bb disabled_on=\u00bbon|on|on\u00bb _builder_version=\u00bb4.22.1&#8243; _module_preset=\u00bbdefault\u00bb z_index=\u00bb-5&#8243; custom_margin=\u00bb||||false|false\u00bb disabled=\u00bbon\u00bb global_colors_info=\u00bb{}\u00bb][et_pb_fullwidth_slider show_pagination=\u00bboff\u00bb admin_label=\u00bbVolle breedte slider\u00bb _builder_version=\u00bb4.19.4&#8243; _module_preset=\u00bbdefault\u00bb use_background_color_gradient=\u00bbon\u00bb background_color_gradient_direction=\u00bb340deg\u00bb background_color_gradient_stops=\u00bb#fefd38 0%|#ff8017 20%|#004033 40%\u00bb height=\u00bb75vh\u00bb auto=\u00bbon\u00bb auto_speed=\u00bb5000&#8243; global_colors_info=\u00bb{}\u00bb][et_pb_slide _builder_version=\u00bb4.19.4&#8243; _module_preset=\u00bbdefault\u00bb header_level=\u00bbh1&#8243; header_font=\u00bbOpen Sans|800|||||||\u00bb header_text_color=\u00bb#FFFFFF\u00bb header_font_size=\u00bb60px\u00bb background_enable_color=\u00bboff\u00bb background_image=\u00bbhttps:\/\/careers.enstall.com\/wp-content\/uploads\/2023\/02\/DSC04254-scaled.jpg\u00bb background_enable_image=\u00bbon\u00bb background_blend=\u00bbsoft-light\u00bb header_font_size_tablet=\u00bb60px\u00bb header_font_size_phone=\u00bb45px\u00bb header_font_size_last_edited=\u00bbon|desktop\u00bb header_text_shadow_style=\u00bbpreset1&#8243; global_colors_info=\u00bb{}\u00bb sticky_transition=\u00bbon\u00bb][\/et_pb_slide][et_pb_slide _builder_version=\u00bb4.19.4&#8243; _module_preset=\u00bbdefault\u00bb header_level=\u00bbh1&#8243; header_font=\u00bbOpen Sans|800|||||||\u00bb header_text_color=\u00bb#FFFFFF\u00bb header_font_size=\u00bb60px\u00bb background_enable_color=\u00bboff\u00bb background_image=\u00bbhttps:\/\/careers.enstall.com\/wp-content\/uploads\/2022\/12\/DSC04722-scaled-e1671526089286.jpg\u00bb background_enable_image=\u00bbon\u00bb background_blend=\u00bbsoft-light\u00bb header_font_size_tablet=\u00bb60px\u00bb header_font_size_phone=\u00bb45px\u00bb header_font_size_last_edited=\u00bbon|desktop\u00bb header_text_shadow_style=\u00bbpreset1&#8243; global_colors_info=\u00bb{}\u00bb sticky_transition=\u00bbon\u00bb][\/et_pb_slide][et_pb_slide _builder_version=\u00bb4.19.4&#8243; _module_preset=\u00bbdefault\u00bb header_level=\u00bbh1&#8243; header_font=\u00bbOpen Sans|800|||||||\u00bb header_text_color=\u00bb#FFFFFF\u00bb header_font_size=\u00bb60px\u00bb background_enable_color=\u00bboff\u00bb background_image=\u00bbhttps:\/\/careers.enstall.com\/wp-content\/uploads\/2022\/12\/DSC05065-scaled.jpg\u00bb background_enable_image=\u00bbon\u00bb background_blend=\u00bbsoft-light\u00bb header_font_size_tablet=\u00bb60px\u00bb header_font_size_phone=\u00bb45px\u00bb header_font_size_last_edited=\u00bbon|desktop\u00bb background_last_edited=\u00bbon|phone\u00bb background_position_phone=\u00bbtop_right\u00bb header_text_shadow_style=\u00bbpreset1&#8243; global_colors_info=\u00bb{}\u00bb sticky_transition=\u00bbon\u00bb][\/et_pb_slide][\/et_pb_fullwidth_slider][\/et_pb_section][et_pb_section fb_built=\u00bb1&#8243; _builder_version=\u00bb4.22.1&#8243; _module_preset=\u00bbdefault\u00bb background_color=\u00bb#004033&#8243; background_image=\u00bbhttps:\/\/careers.enstall.com\/wp-content\/uploads\/2023\/08\/yellow.arch_.png\u00bb background_size=\u00bbcustom\u00bb background_image_width=\u00bb30%\u00bb background_position=\u00bbcenter_right\u00bb background_enable_video_mp4=\u00bboff\u00bb custom_padding=\u00bb54px|||||\u00bb background_last_edited=\u00bbon|phone\u00bb background_enable_video_mp4_phone=\u00bboff\u00bb locked=\u00bboff\u00bb global_colors_info=\u00bb{}\u00bb][et_pb_row column_structure=\u00bb1_2,1_2&#8243; make_equal=\u00bbon\u00bb _builder_version=\u00bb4.22.1&#8243; _module_preset=\u00bbdefault\u00bb global_colors_info=\u00bb{}\u00bb][et_pb_column type=\u00bb1_2&#8243; _builder_version=\u00bb4.22.1&#8243; _module_preset=\u00bbdefault\u00bb global_colors_info=\u00bb{}\u00bb][et_pb_image src=\u00bbhttps:\/\/careers.enstall.com\/wp-content\/uploads\/2024\/06\/BRANDWHEEL-1.png\u00bb title_text=\u00bbBRANDWHEEL 1&#8243; _builder_version=\u00bb4.25.0&#8243; _module_preset=\u00bbdefault\u00bb width=\u00bb85%\u00bb module_alignment=\u00bbcenter\u00bb locked=\u00bboff\u00bb global_colors_info=\u00bb{}\u00bb][\/et_pb_image][\/et_pb_column][et_pb_column type=\u00bb1_2&#8243; _builder_version=\u00bb4.22.1&#8243; _module_preset=\u00bbdefault\u00bb custom_css_main_element=\u00bbmargin:auto;\u00bb global_colors_info=\u00bb{}\u00bb][et_pb_text admin_label=\u00bbTekst\u00bb _builder_version=\u00bb4.22.1&#8243; _module_preset=\u00bbdefault\u00bb text_font=\u00bbF37 light|300|||||||\u00bb text_text_color=\u00bb#FFFFFF\u00bb text_font_size=\u00bb50pt\u00bb text_line_height=\u00bb1em\u00bb header_font=\u00bbArchivo||||||||\u00bb header_text_color=\u00bb#FFFFFF\u00bb header_font_size=\u00bb40px\u00bb width=\u00bb100%\u00bb max_width=\u00bb100%\u00bb max_width_tablet=\u00bb100%\u00bb max_width_phone=\u00bb100%\u00bb max_width_last_edited=\u00bbon|phone\u00bb module_alignment=\u00bbcenter\u00bb custom_margin=\u00bb||25px||false|false\u00bb locked=\u00bboff\u00bb global_colors_info=\u00bb{}\u00bb]<\/p>\n<p style=\"text-align: left;\"><span>La familia de empresas Enstall<\/span><\/p>\n<p>[\/et_pb_text][\/et_pb_column][\/et_pb_row][\/et_pb_section][et_pb_section fb_built=\u00bb1&#8243; custom_padding_last_edited=\u00bbon|phone\u00bb _builder_version=\u00bb4.22.1&#8243; _module_preset=\u00bbdefault\u00bb background_color=\u00bb#004033&#8243; custom_padding=\u00bb0px||90px||false|\u00bb custom_padding_tablet=\u00bb215px||90px||false|\u00bb custom_padding_phone=\u00bb400px||||false|false\u00bb global_colors_info=\u00bb{}\u00bb][et_pb_row _builder_version=\u00bb4.22.1&#8243; _module_preset=\u00bbdefault\u00bb background_color=\u00bb#FFFFFF\u00bb positioning=\u00bbnone\u00bb position_origin_a=\u00bbtop_center\u00bb vertical_offset=\u00bb-150px\u00bb custom_margin=\u00bb-50px||50px||false|false\u00bb custom_padding=\u00bb25px|25px|25px|25px|true|true\u00bb animation_style=\u00bbfade\u00bb animation_direction=\u00bbbottom\u00bb border_radii=\u00bbon|10px|10px|10px|10px\u00bb box_shadow_style=\u00bbpreset1&#8243; global_colors_info=\u00bb{}\u00bb][et_pb_column type=\u00bb4_4&#8243; _builder_version=\u00bb4.18.1&#8243; _module_preset=\u00bbdefault\u00bb custom_padding=\u00bb20px|25px||25px|false|false\u00bb global_colors_info=\u00bb{}\u00bb][et_pb_text _builder_version=\u00bb4.22.1&#8243; _module_preset=\u00bbdefault\u00bb text_font=\u00bbArchivo|300|||||||\u00bb text_text_color=\u00bb#004033&#8243; text_font_size=\u00bb45px\u00bb text_line_height=\u00bb1em\u00bb header_font=\u00bbArchivo||||||||\u00bb header_text_color=\u00bb#FFFFFF\u00bb header_font_size=\u00bb40px\u00bb width=\u00bb100%\u00bb max_width=\u00bb100%\u00bb max_width_tablet=\u00bb100%\u00bb max_width_phone=\u00bb100%\u00bb max_width_last_edited=\u00bbon|phone\u00bb module_alignment=\u00bbcenter\u00bb custom_margin=\u00bb||25px||false|false\u00bb global_colors_info=\u00bb{}\u00bb]<\/p>\n<p>Convi\u00e9rtete en parte de nuestro viaje<\/p>\n<p>[\/et_pb_text][et_pb_de_mach_filter_posts filter_update_type=\u00bbupdate_field\u00bb select2=\u00bbon\u00bb filter_location=\u00bbfullwidth\u00bb column_min_width=\u00bb1px\u00bb hide_reset=\u00bbon\u00bb module_class=\u00bbcustom-search\u00bb _builder_version=\u00bb4.22.1&#8243; _module_preset=\u00bbdefault\u00bb form_field_background_color=\u00bb#eeeeee\u00bb form_field_text_color=\u00bb#004033&#8243; form_field_focus_background_color=\u00bb#999999&#8243; form_field_focus_text_color=\u00bb#004033&#8243; title_font=\u00bbOpen Sans|600|||||||\u00bb title_text_color=\u00bb#FFFFFF\u00bb form_field_font=\u00bbArchivo||||||||\u00bb form_field_font_size=\u00bb1px\u00bb custom_button=\u00bbon\u00bb button_text_size=\u00bb17px\u00bb button_text_color=\u00bb#FFFFFF\u00bb button_bg_color=\u00bb#004033&#8243; button_border_width=\u00bb0px\u00bb button_border_color=\u00bbRGBA(255,255,255,0)\u00bb button_border_radius=\u00bb15px\u00bb button_font=\u00bbArchivo||||||||\u00bb button_use_icon=\u00bboff\u00bb button_custom_padding=\u00bb7px||7px||true|false\u00bb reset_filter_icon_color=\u00bb#FFFFFF\u00bb custom_mobile_toggle_button=\u00bbon\u00bb width_tablet=\u00bb\u00bb width_phone=\u00bbauto\u00bb width_last_edited=\u00bbon|desktop\u00bb custom_margin=\u00bb||||false|false\u00bb button_alignment_last_edited=\u00bboff|phone\u00bb module_alignment_last_edited=\u00bboff|phone\u00bb global_colors_info=\u00bb{}\u00bb button_bg_color__hover_enabled=\u00bbon|hover\u00bb button_bg_color__hover=\u00bb#2a5d52&#8243; button_bg_enable_color__hover=\u00bbon\u00bb button_text_color__hover_enabled=\u00bbon|hover\u00bb button_text_color__hover=\u00bb#FFFFFF\u00bb][et_pb_de_mach_search_posts_item title=\u00bbBusiness unit\u00bb filter_post_type=\u00bbtaxonomy\u00bb custom_tax_choose=\u00bbbusiness_unit\u00bb post_type_choose=\u00bbvacancies\u00bb filter_params=\u00bbyes_title\u00bb show_label=\u00bboff\u00bb radio_show_empty=\u00bbon\u00bb field_id=\u00bbField_1_2_2&#8243; select_placeholder=\u00bbBusiness unit\u00bb label_spacing=\u00bb0px\u00bb _builder_version=\u00bb4.22.1&#8243; _module_preset=\u00bbdefault\u00bb form_field_background_color=\u00bb#FFFFFF\u00bb form_field_text_color=\u00bb#004033&#8243; form_field_focus_background_color=\u00bb#FFFFFF\u00bb custom_margin=\u00bb0px||||false|false\u00bb custom_padding=\u00bb0px||||false|false\u00bb module_alignment_tablet=\u00bbcenter\u00bb module_alignment_phone=\u00bbcenter\u00bb module_alignment_last_edited=\u00bboff|tablet\u00bb global_colors_info=\u00bb{}\u00bb][\/et_pb_de_mach_search_posts_item][et_pb_de_mach_search_posts_item title=\u00bbDepartment\u00bb filter_post_type=\u00bbtaxonomy\u00bb custom_tax_choose=\u00bbdepartment\u00bb post_type_choose=\u00bbvacancies\u00bb filter_params=\u00bbyes_title\u00bb show_label=\u00bboff\u00bb radio_show_empty=\u00bbon\u00bb field_id=\u00bbField_1&#8243; select_placeholder=\u00bbDepartment\u00bb label_spacing=\u00bb0px\u00bb _builder_version=\u00bb4.22.1&#8243; _module_preset=\u00bbdefault\u00bb form_field_background_color=\u00bb#FFFFFF\u00bb form_field_text_color=\u00bb#004033&#8243; form_field_focus_background_color=\u00bb#FFFFFF\u00bb custom_margin=\u00bb0px||||false|false\u00bb custom_padding=\u00bb0px||||false|false\u00bb module_alignment_tablet=\u00bbcenter\u00bb module_alignment_phone=\u00bbcenter\u00bb module_alignment_last_edited=\u00bboff|tablet\u00bb global_colors_info=\u00bb{}\u00bb][\/et_pb_de_mach_search_posts_item][et_pb_de_mach_search_posts_item title=\u00bbJob Location\u00bb filter_post_type=\u00bbtaxonomy\u00bb custom_tax_choose=\u00bbjob_location\u00bb post_type_choose=\u00bbvacancies\u00bb filter_params=\u00bbyes_title\u00bb show_label=\u00bboff\u00bb radio_show_empty=\u00bbon\u00bb field_id=\u00bbField_1_2&#8243; select_placeholder=\u00bbJob Location\u00bb label_spacing=\u00bb0px\u00bb _builder_version=\u00bb4.22.1&#8243; _module_preset=\u00bbdefault\u00bb form_field_background_color=\u00bb#FFFFFF\u00bb form_field_text_color=\u00bb#1F1D5D\u00bb custom_margin=\u00bb0px||||false|false\u00bb custom_padding=\u00bb0px||||false|false\u00bb module_alignment_tablet=\u00bbcenter\u00bb module_alignment_phone=\u00bbcenter\u00bb module_alignment_last_edited=\u00bboff|tablet\u00bb global_colors_info=\u00bb{}\u00bb][\/et_pb_de_mach_search_posts_item][et_pb_de_mach_search_posts_item title=\u00bbJob Title\u00bb filter_post_type=\u00bbsearch\u00bb post_type_choose=\u00bbvacancies\u00bb filter_params=\u00bbyes_title\u00bb show_label=\u00bboff\u00bb field_id=\u00bbField_2&#8243; text_placeholder=\u00bbJob Title\u00bb label_spacing=\u00bb0px\u00bb _builder_version=\u00bb4.22.1&#8243; _module_preset=\u00bbdefault\u00bb form_field_background_color=\u00bb#eeeeee\u00bb form_field_text_color=\u00bb#1f1d5d\u00bb title_text_color=\u00bb#1f1d5d\u00bb background_color=\u00bbRGBA(255,255,255,0)\u00bb background_enable_color=\u00bbon\u00bb global_colors_info=\u00bb{}\u00bb][\/et_pb_de_mach_search_posts_item][\/et_pb_de_mach_filter_posts][\/et_pb_column][\/et_pb_row][et_pb_row _builder_version=\u00bb4.19.4&#8243; _module_preset=\u00bbdefault\u00bb global_colors_info=\u00bb{}\u00bb][et_pb_column type=\u00bb4_4&#8243; _builder_version=\u00bb4.19.4&#8243; _module_preset=\u00bbdefault\u00bb global_colors_info=\u00bb{}\u00bb][et_pb_text _builder_version=\u00bb4.19.4&#8243; _module_preset=\u00bbdefault\u00bb text_font=\u00bbArchivo||||||||\u00bb text_text_color=\u00bb#FFFFFF\u00bb text_font_size=\u00bb20px\u00bb global_colors_info=\u00bb{}\u00bb]<\/p>\n<p style=\"text-align: center;\">Actualmente se han encontrado <span id=\"vacancies-counter\">3<\/span> vacantes<\/p>\n<p>[\/et_pb_text][\/et_pb_column][\/et_pb_row][et_pb_row _builder_version=\u00bb4.18.1&#8243; _module_preset=\u00bbdefault\u00bb custom_padding=\u00bb0px||0px|||\u00bb global_colors_info=\u00bb{}\u00bb][et_pb_column type=\u00bb4_4&#8243; _builder_version=\u00bb4.18.1&#8243; _module_preset=\u00bbdefault\u00bb global_colors_info=\u00bb{}\u00bb][et_pb_de_mach_archive_loop post_type_choose=\u00bboff|off|off|off|off|off|off|on\u00bb loop_layout=\u00bb677&#8243; related_content_categories=\u00bbpost_cats\u00bb include_cats=\u00bbdataverse\u00bb order_asc_desc=\u00bbDESC\u00bb enable_loadmore=\u00bbinfinite\u00bb enable_resultcount=\u00bbon\u00bb columns=\u00bb1&#8243; columns_tablet=\u00bb1&#8243; _builder_version=\u00bb4.22.1&#8243; _module_preset=\u00bbdefault\u00bb custom_button=\u00bbon\u00bb button_text_color=\u00bb#004033&#8243; button_bg_color=\u00bb#FFFFFF\u00bb button_border_width=\u00bb0px\u00bb button_border_color=\u00bbRGBA(255,255,255,0)\u00bb button_border_radius=\u00bb15px\u00bb button_font=\u00bbArchivo||||||||\u00bb custom_padding=\u00bb4px|||||\u00bb border_color_all_grid_list_view_button=\u00bb#FFFFFF\u00bb global_colors_info=\u00bb{}\u00bb][\/et_pb_de_mach_archive_loop][\/et_pb_column][\/et_pb_row][et_pb_row _builder_version=\u00bb4.22.1&#8243; _module_preset=\u00bbdefault\u00bb global_colors_info=\u00bb{}\u00bb][et_pb_column type=\u00bb4_4&#8243; _builder_version=\u00bb4.22.1&#8243; _module_preset=\u00bbdefault\u00bb global_colors_info=\u00bb{}\u00bb][et_pb_divider show_divider=\u00bboff\u00bb _builder_version=\u00bb4.22.1&#8243; _module_preset=\u00bbdefault\u00bb global_colors_info=\u00bb{}\u00bb][\/et_pb_divider][et_pb_code _builder_version=\u00bb4.23.4&#8243; _module_preset=\u00bbdefault\u00bb locked=\u00bboff\u00bb global_colors_info=\u00bb{}\u00bb]<\/p>\n<style><!-- [et_pb_line_break_holder] --><!-- [et_pb_line_break_holder] -->.job {<!-- [et_pb_line_break_holder] -->    background-color: #FFFFFF;<!-- [et_pb_line_break_holder] -->    border-radius: 10px 10px 10px 10px;<!-- [et_pb_line_break_holder] -->    overflow: hidden;<!-- [et_pb_line_break_holder] -->    box-shadow: 0px 2px 18px 0px rgba(0,0,0,0.3)<!-- [et_pb_line_break_holder] -->}<!-- [et_pb_line_break_holder] --><!-- [et_pb_line_break_holder] -->.job.et_pb_row #job {<!-- [et_pb_line_break_holder] -->    padding: 18px;<!-- [et_pb_line_break_holder] -->  }<!-- [et_pb_line_break_holder] -->  <!-- [et_pb_line_break_holder] -->.job.et_pb_row img {<!-- [et_pb_line_break_holder] -->    width: 100%;<!-- [et_pb_line_break_holder] -->    height: 100%;<!-- [et_pb_line_break_holder] -->    max-height: 100%;<!-- [et_pb_line_break_holder] -->  }<!-- [et_pb_line_break_holder] -->  <!-- [et_pb_line_break_holder] -->.job.et_pb_row {<!-- [et_pb_line_break_holder] -->    padding-top: 0px!important;<!-- [et_pb_line_break_holder] -->    padding-right: 0px!important;<!-- [et_pb_line_break_holder] -->    padding-bottom: 0px!important;<!-- [et_pb_line_break_holder] -->    padding-left: 25px!important;<!-- [et_pb_line_break_holder] -->    padding-top: 0px;<!-- [et_pb_line_break_holder] -->    padding-right: 0px;<!-- [et_pb_line_break_holder] -->    padding-bottom: 0px;<!-- [et_pb_line_break_holder] -->    padding-left: 25px;<!-- [et_pb_line_break_holder] -->    display: flex;<!-- [et_pb_line_break_holder] -->    align-items: center;<!-- [et_pb_line_break_holder] -->}<!-- [et_pb_line_break_holder] --><\/style>\n<p>[\/et_pb_code][\/et_pb_column][\/et_pb_row][et_pb_row column_structure=\u00bb1_2,1_2&#8243; make_equal=\u00bbon\u00bb module_id=\u00bbjob\u00bb module_class=\u00bbjob\u00bb _builder_version=\u00bb4.22.1&#8243; _module_preset=\u00bbdefault\u00bb background_color=\u00bb#FFFFFF\u00bb custom_margin=\u00bb||||false|false\u00bb custom_padding=\u00bb0px|0px|0px|25px|false|false\u00bb border_radii=\u00bbon|10px|10px|10px|10px\u00bb box_shadow_style=\u00bbpreset1&#8243; global_colors_info=\u00bb{}\u00bb][et_pb_column type=\u00bb1_2&#8243; _builder_version=\u00bb4.19.4&#8243; _module_preset=\u00bbdefault\u00bb background_enable_color=\u00bboff\u00bb custom_padding=\u00bb25px||25px||true|false\u00bb custom_css_main_element=\u00bbmargin: auto;\u00bb global_colors_info=\u00bb{}\u00bb][et_pb_text _builder_version=\u00bb4.19.4&#8243; _module_preset=\u00bbdefault\u00bb text_font=\u00bbArchivo||||||||\u00bb text_text_color=\u00bb#004033&#8243; text_font_size=\u00bb17px\u00bb header_font=\u00bbArchivo|||on|||||\u00bb header_text_color=\u00bb#004033&#8243; header_font_size=\u00bb35px\u00bb width=\u00bb100%\u00bb module_alignment=\u00bbcenter\u00bb custom_margin=\u00bb||||false|false\u00bb custom_padding=\u00bb0px||0px||false|true\u00bb animation_style=\u00bbslide\u00bb animation_direction=\u00bbleft\u00bb global_colors_info=\u00bb{}\u00bb]<\/p>\n<h1>CREAR UNA ALERTA DE EMPLEO<\/h1>\n<p>[\/et_pb_text][et_pb_text _builder_version=\u00bb4.22.1&#8243; _module_preset=\u00bbdefault\u00bb text_font=\u00bbOpen Sans||||||||\u00bb text_text_color=\u00bb#004033&#8243; text_font_size=\u00bb17px\u00bb width=\u00bb100%\u00bb module_alignment=\u00bbcenter\u00bb custom_padding=\u00bb0px||0px||true|true\u00bb custom_padding_tablet=\u00bb0px||0px||true|true\u00bb custom_padding_phone=\u00bb|25px|||true|false\u00bb custom_padding_last_edited=\u00bbon|phone\u00bb animation_style=\u00bbslide\u00bb animation_direction=\u00bbleft\u00bb global_colors_info=\u00bb{}\u00bb]<\/p>\n<p>\u00bfTe interesa Enstall y te gustar\u00eda recibir informaci\u00f3n sobre nuevas ofertas de empleo por correo electr\u00f3nico? \u00a1Suscr\u00edbete a la alerta de empleo!<\/p>\n<p>[\/et_pb_text][et_pb_button button_url=\u00bbhttps:\/\/enstall-careers.powerappsportals.com\/vacancies\/jobalerts\/\u00bb url_new_window=\u00bbon\u00bb button_text=\u00bbMi alerta de trabajo\u00bb button_alignment=\u00bbleft\u00bb _builder_version=\u00bb4.22.1&#8243; _module_preset=\u00bbdefault\u00bb custom_button=\u00bbon\u00bb button_text_size=\u00bb20px\u00bb button_text_color=\u00bb#FFFFFF\u00bb button_bg_color=\u00bb#004033&#8243; button_border_width=\u00bb0px\u00bb button_border_color=\u00bbRGBA(255,255,255,0)\u00bb button_border_radius=\u00bb10px\u00bb button_font=\u00bbArchivo||||||||\u00bb button_icon=\u00bb&#x35;||divi||400&#8243; position_origin_a=\u00bbbottom_left\u00bb vertical_offset=\u00bb25px\u00bb background_layout=\u00bbdark\u00bb custom_margin=\u00bb||||false|false\u00bb animation_style=\u00bbslide\u00bb animation_direction=\u00bbbottom\u00bb custom_css_main_element=\u00bbmargin-bottom: auto;\u00bb global_colors_info=\u00bb{}\u00bb][\/et_pb_button][\/et_pb_column][et_pb_column type=\u00bb1_2&#8243; disabled_on=\u00bbon|on|off\u00bb _builder_version=\u00bb4.19.4&#8243; _module_preset=\u00bbdefault\u00bb global_colors_info=\u00bb{}\u00bb][et_pb_image src=\u00bbhttps:\/\/careers.enstall.com\/wp-content\/uploads\/2022\/12\/coin-operated-binoculars-lake-louise-alberta-ca-2022-03-07-23-53-43-utc-scaled.jpg\u00bb title_text=\u00bb4&#8243; align_phone=\u00bbcenter\u00bb align_last_edited=\u00bboff|phone\u00bb _builder_version=\u00bb4.22.1&#8243; _module_preset=\u00bbdefault\u00bb transform_scale_tablet=\u00bb\u00bb transform_scale_phone=\u00bb120%|120%\u00bb transform_scale_last_edited=\u00bbon|phone\u00bb transform_translate_tablet=\u00bb\u00bb transform_translate_phone=\u00bb-11px|5px\u00bb transform_translate_last_edited=\u00bbon|phone\u00bb transform_translate_linked_phone=\u00bboff\u00bb transform_rotate_tablet=\u00bb\u00bb transform_rotate_phone=\u00bb\u00bb transform_rotate_last_edited=\u00bbon|phone\u00bb transform_skew_tablet=\u00bb\u00bb transform_skew_phone=\u00bb\u00bb transform_skew_last_edited=\u00bbon|phone\u00bb transform_origin_tablet=\u00bb\u00bb transform_origin_phone=\u00bb\u00bb transform_origin_last_edited=\u00bbon|phone\u00bb transform_styles_last_edited=\u00bbon|phone\u00bb width=\u00bb115%\u00bb width_tablet=\u00bb\u00bb width_phone=\u00bb100%\u00bb width_last_edited=\u00bbon|phone\u00bb module_alignment=\u00bbcenter\u00bb transform_styles_tablet=\u00bb\u00bb transform_styles_phone=\u00bb\u00bb module_alignment_phone=\u00bbleft\u00bb module_alignment_last_edited=\u00bboff|phone\u00bb global_colors_info=\u00bb{}\u00bb][\/et_pb_image][\/et_pb_column][\/et_pb_row][et_pb_row _builder_version=\u00bb4.19.4&#8243; _module_preset=\u00bbdefault\u00bb global_colors_info=\u00bb{}\u00bb][et_pb_column type=\u00bb4_4&#8243; _builder_version=\u00bb4.19.4&#8243; _module_preset=\u00bbdefault\u00bb global_colors_info=\u00bb{}\u00bb][et_pb_code _builder_version=\u00bb4.19.4&#8243; _module_preset=\u00bbdefault\u00bb global_colors_info=\u00bb{}\u00bb]<script><!-- [et_pb_line_break_holder] -->function processResultCountText() {<!-- [et_pb_line_break_holder] -->  const resultCountElement = document.querySelector('.divi-filter-result-count');<!-- [et_pb_line_break_holder] --><!-- [et_pb_line_break_holder] -->  if (resultCountElement) {<!-- [et_pb_line_break_holder] -->    let text = resultCountElement.textContent;<!-- [et_pb_line_break_holder] -->    text = text.replace('single', '1');<!-- [et_pb_line_break_holder] --><!-- [et_pb_line_break_holder] -->    const matches = text.match(\/\\d+\/g);<!-- [et_pb_line_break_holder] -->    if (matches && matches.length > 0) {<!-- [et_pb_line_break_holder] -->      const lastNumber = parseInt(matches[matches.length - 1], 10);<!-- [et_pb_line_break_holder] -->      resultCountElement.textContent = lastNumber;<!-- [et_pb_line_break_holder] -->\t\t\tdocument.getElementById(\"vacancies-counter\").innerHTML = lastNumber;<!-- [et_pb_line_break_holder] -->    }<!-- [et_pb_line_break_holder] -->  }<!-- [et_pb_line_break_holder] -->}<!-- [et_pb_line_break_holder] -->  <!-- [et_pb_line_break_holder] -->  processResultCountText();<!-- [et_pb_line_break_holder] -->  <!-- [et_pb_line_break_holder] --><!-- [et_pb_line_break_holder] --><!-- [et_pb_line_break_holder] -->setInterval(processResultCountText, 1000);<!-- [et_pb_line_break_holder] --><!-- [et_pb_line_break_holder] --><!-- [et_pb_line_break_holder] -->  <\/script>[\/et_pb_code][\/et_pb_column][\/et_pb_row][\/et_pb_section]<\/p>\n","protected":false},"excerpt":{"rendered":"<p>La familia de empresas EnstallConvi\u00e9rtete en parte de nuestro viajeActualmente se han encontrado 3 vacantesCREAR UNA ALERTA DE EMPLEO\u00bfTe interesa Enstall y te gustar\u00eda recibir informaci\u00f3n sobre nuevas ofertas de empleo por correo electr\u00f3nico? \u00a1Suscr\u00edbete a la alerta de empleo!<\/p>\n","protected":false},"author":2,"featured_media":0,"parent":0,"menu_order":0,"comment_status":"closed","ping_status":"closed","template":"","meta":{"_acf_changed":false,"_et_pb_use_builder":"on","_et_pb_old_content":"","_et_gb_content_width":"","footnotes":""},"class_list":["post-51543","page","type-page","status-publish","hentry"],"acf":[],"_links":{"self":[{"href":"https:\/\/careers.enstall.com\/es\/wp-json\/wp\/v2\/pages\/51543","targetHints":{"allow":["GET"]}}],"collection":[{"href":"https:\/\/careers.enstall.com\/es\/wp-json\/wp\/v2\/pages"}],"about":[{"href":"https:\/\/careers.enstall.com\/es\/wp-json\/wp\/v2\/types\/page"}],"author":[{"embeddable":true,"href":"https:\/\/careers.enstall.com\/es\/wp-json\/wp\/v2\/users\/2"}],"replies":[{"embeddable":true,"href":"https:\/\/careers.enstall.com\/es\/wp-json\/wp\/v2\/comments?post=51543"}],"version-history":[{"count":21,"href":"https:\/\/careers.enstall.com\/es\/wp-json\/wp\/v2\/pages\/51543\/revisions"}],"predecessor-version":[{"id":187659,"href":"https:\/\/careers.enstall.com\/es\/wp-json\/wp\/v2\/pages\/51543\/revisions\/187659"}],"wp:attachment":[{"href":"https:\/\/careers.enstall.com\/es\/wp-json\/wp\/v2\/media?parent=51543"}],"curies":[{"name":"wp","href":"https:\/\/api.w.org\/{rel}","templated":true}]}}