{"id":51586,"date":"2023-09-12T08:29:19","date_gmt":"2023-09-12T08:29:19","guid":{"rendered":"https:\/\/careers.enstall.com\/marketing\/"},"modified":"2024-06-19T08:12:34","modified_gmt":"2024-06-19T08:12:34","slug":"marketing","status":"publish","type":"page","link":"https:\/\/careers.enstall.com\/es\/marketing\/","title":{"rendered":"Marketing"},"content":{"rendered":"<p>[et_pb_section fb_built=\u00bb1&#8243; fullwidth=\u00bbon\u00bb _builder_version=\u00bb4.18.1&#8243; _module_preset=\u00bbdefault\u00bb locked=\u00bboff\u00bb global_colors_info=\u00bb{}\u00bb][et_pb_fullwidth_slider show_pagination=\u00bboff\u00bb _builder_version=\u00bb4.25.0&#8243; _module_preset=\u00bbdefault\u00bb use_background_color_gradient=\u00bbon\u00bb background_color_gradient_direction=\u00bb340deg\u00bb background_color_gradient_stops=\u00bb#fefd38 0%|#ff8017 20%|#004033 40%\u00bb content_width=\u00bb70%\u00bb height=\u00bb75vh\u00bb auto=\u00bbon\u00bb auto_speed=\u00bb5000&#8243; global_colors_info=\u00bb{}\u00bb][et_pb_slide _builder_version=\u00bb4.25.0&#8243; _module_preset=\u00bbdefault\u00bb header_font=\u00bbOpen Sans|800|||||||\u00bb header_text_color=\u00bb#FFFFFF\u00bb header_font_size=\u00bb60px\u00bb background_enable_color=\u00bboff\u00bb background_image=\u00bbhttps:\/\/careers.enstall.com\/wp-content\/uploads\/2024\/05\/Enstall-screenshots-45-scaled.jpg\u00bb background_enable_image=\u00bbon\u00bb background_position=\u00bbtop_center\u00bb background_blend=\u00bbsoft-light\u00bb header_font_size_tablet=\u00bb60px\u00bb header_font_size_phone=\u00bb30px\u00bb header_font_size_last_edited=\u00bbon|phone\u00bb header_text_shadow_style=\u00bbpreset1&#8243; global_colors_info=\u00bb{}\u00bb sticky_transition=\u00bbon\u00bb][\/et_pb_slide][et_pb_slide _builder_version=\u00bb4.25.0&#8243; _module_preset=\u00bbdefault\u00bb header_font=\u00bbOpen Sans|800|||||||\u00bb header_text_color=\u00bb#FFFFFF\u00bb header_font_size=\u00bb60px\u00bb background_enable_color=\u00bboff\u00bb background_image=\u00bbhttps:\/\/careers.enstall.com\/wp-content\/uploads\/2024\/05\/Enstall-screenshots-140-scaled.jpg\u00bb background_enable_image=\u00bbon\u00bb background_position=\u00bbtop_center\u00bb background_blend=\u00bbsoft-light\u00bb header_font_size_tablet=\u00bb60px\u00bb header_font_size_phone=\u00bb30px\u00bb header_font_size_last_edited=\u00bbon|phone\u00bb header_text_shadow_style=\u00bbpreset1&#8243; global_colors_info=\u00bb{}\u00bb sticky_transition=\u00bbon\u00bb][\/et_pb_slide][\/et_pb_fullwidth_slider][\/et_pb_section][et_pb_section fb_built=\u00bb1&#8243; _builder_version=\u00bb4.19.4&#8243; _module_preset=\u00bbdefault\u00bb background_color=\u00bb#004033&#8243; custom_padding=\u00bb100px||100px|||\u00bb border_color_top=\u00bbRGBA(255,255,255,0)\u00bb global_colors_info=\u00bb{}\u00bb][et_pb_row column_structure=\u00bb1_2,1_2&#8243; _builder_version=\u00bb4.19.1&#8243; _module_preset=\u00bbdefault\u00bb custom_padding=\u00bb0px||0px|||\u00bb global_colors_info=\u00bb{}\u00bb][et_pb_column type=\u00bb1_2&#8243; _builder_version=\u00bb4.19.1&#8243; _module_preset=\u00bbdefault\u00bb global_colors_info=\u00bb{}\u00bb][et_pb_text _builder_version=\u00bb4.22.1&#8243; _module_preset=\u00bbdefault\u00bb text_font=\u00bbF37 light||||||||\u00bb text_text_color=\u00bb#FFFFFF\u00bb text_font_size=\u00bb40pt\u00bb header_font=\u00bbOpen Sans|800|||||||\u00bb header_text_color=\u00bb#1F1D5D\u00bb custom_margin=\u00bb||24px|||\u00bb custom_padding=\u00bb3px|||||\u00bb animation_style=\u00bbslide\u00bb animation_direction=\u00bbright\u00bb global_colors_info=\u00bb{}\u00bb]<\/p>\n<p>Marketing<\/p>\n<p>[\/et_pb_text][\/et_pb_column][et_pb_column type=\u00bb1_2&#8243; _builder_version=\u00bb4.19.1&#8243; _module_preset=\u00bbdefault\u00bb global_colors_info=\u00bb{}\u00bb][\/et_pb_column][\/et_pb_row][et_pb_row column_structure=\u00bb1_2,1_2&#8243; _builder_version=\u00bb4.22.1&#8243; _module_preset=\u00bbdefault\u00bb custom_padding=\u00bb0px|||||\u00bb global_colors_info=\u00bb{}\u00bb][et_pb_column type=\u00bb1_2&#8243; _builder_version=\u00bb4.18.0&#8243; _module_preset=\u00bbdefault\u00bb custom_css_main_element=\u00bbmargin: auto;\u00bb global_colors_info=\u00bb{}\u00bb][et_pb_text _builder_version=\u00bb4.22.1&#8243; _module_preset=\u00bbdefault\u00bb text_font=\u00bbArchivo||||||||\u00bb text_text_color=\u00bb#FFFFFF\u00bb header_font=\u00bbOpen Sans|800|||||||\u00bb header_text_color=\u00bb#1F1D5D\u00bb custom_margin=\u00bb16px|||||\u00bb animation_style=\u00bbslide\u00bb animation_direction=\u00bbright\u00bb global_colors_info=\u00bb{}\u00bb]<\/p>\n<p>Los distintos equipos de marketing en Europa y Estados Unidos est\u00e1n contribuyendo significativamente a la realizaci\u00f3n de nuestro prop\u00f3sito, que es acelerar la instalaci\u00f3n de energ\u00eda solar para impulsar la transici\u00f3n energ\u00e9tica global. Juntos, comparten el objetivo de utilizar la estrategia de comunicaci\u00f3n de marketing desarrollada para hacer crecer a\u00fan m\u00e1s nuestras marcas. Cada equipo trabaja a su manera para traducir los objetivos comerciales en acciones concretas de marketing (online). Nuestros equipos de marketing son la \u2018cara y la voz\u2019 de todas las unidades de negocio y tambi\u00e9n act\u00faan como \u2018ojos y o\u00eddos\u2019 de las tendencias y la competencia. Ya sea guiando el lanzamiento de un nuevo producto, creando contenidos, optimizando sitios web, campa\u00f1as online o coordinando la participaci\u00f3n en ferias, organizando formaci\u00f3n o mejorando el itinerario del cliente. Se trata de agregar valor para nuestros clientes y de compartir conocimientos. El marketing est\u00e1 dise\u00f1ado para mejorar al m\u00e1ximo la experiencia de nuestros usuarios. \u00bfEst\u00e1s preparado para hacer que nuestras grandes marcas sean a\u00fan m\u00e1s grandes<em>?<\/em>      <\/p>\n<p>[\/et_pb_text][\/et_pb_column][et_pb_column type=\u00bb1_2&#8243; _builder_version=\u00bb4.22.1&#8243; _module_preset=\u00bbdefault\u00bb global_colors_info=\u00bb{}\u00bb][et_pb_slider show_arrows=\u00bboff\u00bb show_pagination=\u00bboff\u00bb _builder_version=\u00bb4.25.0&#8243; _module_preset=\u00bbdefault\u00bb header_font=\u00bbF37 regular||||||||\u00bb header_text_color=\u00bb#FF8017&#8243; background_color=\u00bbRGBA(255,255,255,0)\u00bb custom_margin=\u00bb-85px||||false|false\u00bb custom_margin_tablet=\u00bb50px||||false|false\u00bb custom_margin_phone=\u00bb50px||||false|false\u00bb custom_margin_last_edited=\u00bbon|tablet\u00bb custom_padding=\u00bb40px|||||\u00bb auto=\u00bbon\u00bb auto_speed=\u00bb5000&#8243; hover_enabled=\u00bb0&#8243; background_color_tablet=\u00bb#FFFFFF\u00bb background_last_edited=\u00bbon|desktop\u00bb background_enable_color_tablet=\u00bbon\u00bb locked=\u00bboff\u00bb global_colors_info=\u00bb{}\u00bb sticky_enabled=\u00bb0&#8243;][et_pb_slide image=\u00bbhttps:\/\/careers.enstall.com\/wp-content\/uploads\/2023\/10\/TS-scaled.jpg\u00bb button_text_last_edited=\u00bboff|desktop\u00bb _builder_version=\u00bb4.25.0&#8243; _module_preset=\u00bbdefault\u00bb header_level=\u00bbh2&#8243; header_font=\u00bbF37 light||||||||\u00bb header_text_color=\u00bb#FF8017&#8243; header_font_size=\u00bb50px\u00bb body_font=\u00bbF37 regular||||||||\u00bb body_text_color=\u00bb#004033&#8243; body_font_size=\u00bb20px\u00bb background_enable_color=\u00bboff\u00bb hover_enabled=\u00bb0&#8243; custom_css_slide_description=\u00bbmax-width: 90%;||background: #FFF;||padding: 25px;||margin-top: -10px;\u00bb custom_css_slide_image=\u00bbmax-width: 150px;||z-index: 10;||\u00bb box_shadow_style_image=\u00bbpreset1&#8243; box_shadow_color_image=\u00bb#FF8017&#8243; locked=\u00bboff\u00bb global_colors_info=\u00bb{}\u00bb custom_css_slide_description_tablet=\u00bb.\u00bb custom_css_slide_description_last_edited=\u00bbon|tablet\u00bb custom_css_slide_image_tablet=\u00bb.\u00bb custom_css_slide_image_phone=\u00bb.\u00bb custom_css_slide_image_last_edited=\u00bbon|phone\u00bb custom_css_slide_description_phone=\u00bb.\u00bb sticky_transition=\u00bbon\u00bb sticky_enabled=\u00bb0&#8243;]<\/p>\n<p style=\"text-align: center;\">\u201cLo genial de mi trabajo como Gerente de Comunicaci\u00f3n de Marketing para Panelclaw es que, como generalista, puedo aprovechar las especializaciones espec\u00edficas de mis colegas del equipo de marketing de Enstall.\u201d<\/p>\n<p style=\"text-align: center;\"><span style=\"color: #ff8017; font-size: xx-large;\">Thijs Smudde <\/span><\/p>\n<p style=\"text-align: center;\"><strong>Marketing Communication Manager<\/strong><\/p>\n<p>[\/et_pb_slide][et_pb_slide image=\u00bbhttps:\/\/careers.enstall.com\/wp-content\/uploads\/2023\/11\/AtB-scaled-e1701333913767.jpg\u00bb button_text_last_edited=\u00bboff|desktop\u00bb _builder_version=\u00bb4.22.1&#8243; _module_preset=\u00bbdefault\u00bb header_level=\u00bbh2&#8243; header_font=\u00bbF37 light||||||||\u00bb header_text_color=\u00bb#FF8017&#8243; header_font_size=\u00bb50px\u00bb body_font=\u00bbF37 regular||||||||\u00bb body_text_color=\u00bb#004033&#8243; body_font_size=\u00bb20px\u00bb background_enable_color=\u00bboff\u00bb custom_css_slide_description=\u00bbmax-width: 90%;||background: #FFF;||padding: 25px;||margin-top: -10px;\u00bb custom_css_slide_image=\u00bbmax-width: 150px;||z-index: 10;||\u00bb box_shadow_style_image=\u00bbpreset1&#8243; box_shadow_color_image=\u00bb#FF8017&#8243; locked=\u00bboff\u00bb global_colors_info=\u00bb{}\u00bb custom_css_slide_description_tablet=\u00bb.\u00bb custom_css_slide_description_last_edited=\u00bbon|tablet\u00bb custom_css_slide_image_tablet=\u00bb.\u00bb custom_css_slide_image_phone=\u00bb.\u00bb custom_css_slide_image_last_edited=\u00bbon|phone\u00bb custom_css_slide_description_phone=\u00bb.\u00bb sticky_transition=\u00bbon\u00bb]<\/p>\n<p style=\"text-align: center;\">\u201cPara m\u00ed, trabajar en Enstall significa crecer junto a la organizaci\u00f3n y alcanzar mis metas personales.\u201d<\/p>\n<p style=\"text-align: center;\"><span style=\"color: #ff8017; font-size: xx-large;\">Arwin ter Beek <\/span><\/p>\n<p style=\"text-align: center;\"><strong>Online Marketing Manager<\/strong><\/p>\n<p>[\/et_pb_slide][et_pb_slide image=\u00bbhttps:\/\/careers.enstall.com\/wp-content\/uploads\/2023\/10\/ABr-scaled-e1698740400502.jpg\u00bb button_text_last_edited=\u00bboff|desktop\u00bb _builder_version=\u00bb4.22.1&#8243; _module_preset=\u00bbdefault\u00bb header_level=\u00bbh2&#8243; header_font=\u00bbF37 light||||||||\u00bb header_text_color=\u00bb#FF8017&#8243; header_font_size=\u00bb50px\u00bb body_font=\u00bbF37 regular||||||||\u00bb body_text_color=\u00bb#004033&#8243; body_font_size=\u00bb20px\u00bb background_enable_color=\u00bboff\u00bb custom_css_slide_description=\u00bbmax-width: 90%;||background: #FFF;||padding: 25px;||margin-top: -10px;\u00bb custom_css_slide_image=\u00bbmax-width: 150px;||z-index: 10;||\u00bb box_shadow_style_image=\u00bbpreset1&#8243; box_shadow_color_image=\u00bb#FF8017&#8243; locked=\u00bboff\u00bb global_colors_info=\u00bb{}\u00bb custom_css_slide_description_tablet=\u00bb.\u00bb custom_css_slide_description_last_edited=\u00bbon|tablet\u00bb custom_css_slide_image_tablet=\u00bb.\u00bb custom_css_slide_image_phone=\u00bb.\u00bb custom_css_slide_image_last_edited=\u00bbon|phone\u00bb custom_css_slide_description_phone=\u00bb.\u00bb sticky_transition=\u00bbon\u00bb]<\/p>\n<p style=\"text-align: center;\"><em>\u201cPara m\u00ed, trabajar en Enstall Marketing significa que tengo la gran oportunidad de combinar mi enfoque creativo y comercial todos los d\u00edas.\u201d<\/em><\/p>\n<p style=\"text-align: center;\"><span style=\"color: #ff8017; font-size: xx-large;\">Anne Brandt <\/span><\/p>\n<p style=\"text-align: center;\"><strong>Training &amp; Exhibition Manager Europe<\/strong><\/p>\n<p>[\/et_pb_slide][\/et_pb_slider][\/et_pb_column][\/et_pb_row][\/et_pb_section][et_pb_section fb_built=\u00bb1&#8243; disabled_on=\u00bbon|on|on\u00bb _builder_version=\u00bb4.22.1&#8243; _module_preset=\u00bbdefault\u00bb background_color=\u00bb#004033&#8243; custom_padding=\u00bb100px|0px|100px||true|\u00bb disabled=\u00bbon\u00bb global_colors_info=\u00bb{}\u00bb][et_pb_row column_structure=\u00bb1_3,2_3&#8243; use_custom_gutter=\u00bbon\u00bb gutter_width=\u00bb2&#8243; make_equal=\u00bbon\u00bb _builder_version=\u00bb4.19.1&#8243; _module_preset=\u00bbdefault\u00bb custom_margin=\u00bb|auto||auto|false|false\u00bb custom_padding=\u00bb0px||0px||false|false\u00bb global_colors_info=\u00bb{}\u00bb][et_pb_column type=\u00bb1_3&#8243; _builder_version=\u00bb4.19.1&#8243; _module_preset=\u00bbdefault\u00bb background_enable_color=\u00bboff\u00bb custom_padding=\u00bb||||false|false\u00bb animation_style=\u00bbslide\u00bb animation_direction=\u00bbleft\u00bb custom_css_main_element=\u00bbMargin: auto;\u00bb global_colors_info=\u00bb{}\u00bb][et_pb_text _builder_version=\u00bb4.19.4&#8243; _module_preset=\u00bbdefault\u00bb text_font=\u00bbArchivo||||||||\u00bb text_text_color=\u00bb#FFFFFF\u00bb text_font_size=\u00bb35px\u00bb text_line_height=\u00bb1.2em\u00bb header_font=\u00bbOpen Sans|800|||||||\u00bb header_text_color=\u00bb#1F1D5D\u00bb header_font_size=\u00bb35px\u00bb animation_style=\u00bbslide\u00bb animation_direction=\u00bbleft\u00bb header_font_size_tablet=\u00bb55px\u00bb header_font_size_phone=\u00bb40px\u00bb header_font_size_last_edited=\u00bbon|desktop\u00bb global_colors_info=\u00bb{}\u00bb]<\/p>\n<p style=\"text-align: right;\">\u00bfDeseas ser parte de una organizaci\u00f3n impactante y con muchas oportunidades?<br \/><span style=\"color: #ef7f00;\">Conocer al equipo<\/span><\/p>\n<p>[\/et_pb_text][\/et_pb_column][et_pb_column type=\u00bb2_3&#8243; _builder_version=\u00bb4.19.1&#8243; _module_preset=\u00bbdefault\u00bb background_enable_color=\u00bboff\u00bb custom_padding=\u00bb||||false|false\u00bb animation_direction=\u00bbleft\u00bb custom_css_main_element=\u00bbMargin: auto;\u00bb global_colors_info=\u00bb{}\u00bb][et_pb_code _builder_version=\u00bb4.19.1&#8243; _module_preset=\u00bbdefault\u00bb global_colors_info=\u00bb{}\u00bb]<iframe loading=\"lazy\" src=\"https:\/\/player.vimeo.com\/video\/781773730?h=f7345eb8e8&#038;title=0&#038;byline=0&#038;portrait=0&#038;speed=0&#038;badge=0&#038;autopause=0&#038;player_id=0&#038;app_id=58479\" width=\"1920\" height=\"800\" frameborder=\"0\" allow=\"autoplay; fullscreen; picture-in-picture\" allowfullscreen=\"\" title=\"Business support\"><\/iframe>[\/et_pb_code][\/et_pb_column][\/et_pb_row][\/et_pb_section][et_pb_section fb_built=\u00bb1&#8243; _builder_version=\u00bb4.19.4&#8243; _module_preset=\u00bbdefault\u00bb background_color=\u00bb#004033&#8243; custom_padding=\u00bb100px||100px||true|\u00bb global_colors_info=\u00bb{}\u00bb][et_pb_row _builder_version=\u00bb4.18.0&#8243; _module_preset=\u00bbdefault\u00bb custom_padding=\u00bb3px||0px|||\u00bb global_colors_info=\u00bb{}\u00bb][et_pb_column type=\u00bb4_4&#8243; _builder_version=\u00bb4.18.0&#8243; _module_preset=\u00bbdefault\u00bb global_colors_info=\u00bb{}\u00bb][et_pb_text _builder_version=\u00bb4.22.1&#8243; _module_preset=\u00bbdefault\u00bb text_font=\u00bbF37 light||||||||\u00bb text_text_color=\u00bb#FFFFFF\u00bb text_font_size=\u00bb40pt\u00bb text_line_height=\u00bb1em\u00bb header_font=\u00bbOpen Sans|800|||||||\u00bb header_text_color=\u00bb#1F1D5D\u00bb header_font_size=\u00bb45px\u00bb animation_style=\u00bbslide\u00bb animation_direction=\u00bbtop\u00bb header_font_size_tablet=\u00bb55px\u00bb header_font_size_phone=\u00bb40px\u00bb header_font_size_last_edited=\u00bbon|desktop\u00bb global_colors_info=\u00bb{}\u00bb]<\/p>\n<p style=\"text-align: center;\"><span>Consulta nuestras vacantes actuales en<br \/><\/span> <span style=\"color: #ef7f00;\">Marketing<\/span><\/p>\n<p>[\/et_pb_text][\/et_pb_column][\/et_pb_row][et_pb_row _builder_version=\u00bb4.19.1&#8243; _module_preset=\u00bbdefault\u00bb custom_padding=\u00bb||6px|||\u00bb global_colors_info=\u00bb{}\u00bb][et_pb_column type=\u00bb4_4&#8243; _builder_version=\u00bb4.19.1&#8243; _module_preset=\u00bbdefault\u00bb global_colors_info=\u00bb{}\u00bb][et_pb_button button_url=\u00bbhttps:\/\/careers.enstall.com\/es\/vacancies-esg\/?filter=true&#038;department=marketing\u00bb button_text=\u00bbVacancies\u00bb button_alignment=\u00bbcenter\u00bb _builder_version=\u00bb4.22.1&#8243; _module_preset=\u00bbdefault\u00bb custom_button=\u00bbon\u00bb button_text_color=\u00bb#FFFFFF\u00bb button_bg_color=\u00bb#EF7F00&#8243; button_border_width=\u00bb0px\u00bb button_font=\u00bbOpen Sans|700|||||||\u00bb global_colors_info=\u00bb{}\u00bb][\/et_pb_button][\/et_pb_column][\/et_pb_row][\/et_pb_section]<\/p>\n","protected":false},"excerpt":{"rendered":"<p>MarketingLos distintos equipos de marketing en Europa y Estados Unidos est\u00e1n contribuyendo significativamente a la realizaci\u00f3n de nuestro prop\u00f3sito, que es acelerar la instalaci\u00f3n de energ\u00eda solar para impulsar la transici\u00f3n energ\u00e9tica global. Juntos, comparten el objetivo de utilizar la estrategia de comunicaci\u00f3n de marketing desarrollada para hacer crecer a\u00fan m\u00e1s nuestras marcas. Cada equipo trabaja a su manera para traducir los objetivos comerciales en acciones concretas de marketing (online). Nuestros equipos de marketing son la \u2018cara y la voz\u2019 de todas las unidades de negocio y tambi\u00e9n act\u00faan como \u2018ojos y o\u00eddos\u2019 de las tendencias y la competencia. Ya sea guiando el lanzamiento de un nuevo producto, creando contenidos, optimizando sitios web, campa\u00f1as online o coordinando la participaci\u00f3n en ferias, organizando formaci\u00f3n o mejorando el itinerario del cliente. Se trata de agregar valor para nuestros clientes y de compartir conocimientos. El marketing est\u00e1 dise\u00f1ado para mejorar al m\u00e1ximo la experiencia de nuestros usuarios. \u00bfEst\u00e1s preparado para hacer que nuestras grandes marcas sean a\u00fan m\u00e1s grandes? \u201cLo genial de mi trabajo como Gerente de Comunicaci\u00f3n de Marketing para Panelclaw es que, como generalista, puedo aprovechar las especializaciones espec\u00edficas de mis colegas del equipo de marketing de Enstall.\u201d Thijs Smudde Marketing [&hellip;]<\/p>\n","protected":false},"author":2,"featured_media":0,"parent":0,"menu_order":0,"comment_status":"closed","ping_status":"closed","template":"","meta":{"_acf_changed":false,"_et_pb_use_builder":"on","_et_pb_old_content":"","_et_gb_content_width":"","footnotes":""},"class_list":["post-51586","page","type-page","status-publish","hentry"],"acf":[],"_links":{"self":[{"href":"https:\/\/careers.enstall.com\/es\/wp-json\/wp\/v2\/pages\/51586","targetHints":{"allow":["GET"]}}],"collection":[{"href":"https:\/\/careers.enstall.com\/es\/wp-json\/wp\/v2\/pages"}],"about":[{"href":"https:\/\/careers.enstall.com\/es\/wp-json\/wp\/v2\/types\/page"}],"author":[{"embeddable":true,"href":"https:\/\/careers.enstall.com\/es\/wp-json\/wp\/v2\/users\/2"}],"replies":[{"embeddable":true,"href":"https:\/\/careers.enstall.com\/es\/wp-json\/wp\/v2\/comments?post=51586"}],"version-history":[{"count":9,"href":"https:\/\/careers.enstall.com\/es\/wp-json\/wp\/v2\/pages\/51586\/revisions"}],"predecessor-version":[{"id":105430,"href":"https:\/\/careers.enstall.com\/es\/wp-json\/wp\/v2\/pages\/51586\/revisions\/105430"}],"wp:attachment":[{"href":"https:\/\/careers.enstall.com\/es\/wp-json\/wp\/v2\/media?parent=51586"}],"curies":[{"name":"wp","href":"https:\/\/api.w.org\/{rel}","templated":true}]}}