{"id":51640,"date":"2022-10-06T12:41:30","date_gmt":"2022-10-06T12:41:30","guid":{"rendered":"https:\/\/careers.enstall.com\/diversity-inclusion\/"},"modified":"2024-05-31T13:12:40","modified_gmt":"2024-05-31T13:12:40","slug":"diversity-inclusion","status":"publish","type":"page","link":"https:\/\/careers.enstall.com\/es\/diversity-inclusion\/","title":{"rendered":"Diversity &amp; Inclusion"},"content":{"rendered":"<p>[et_pb_section fb_built=\u00bb1&#8243; fullwidth=\u00bbon\u00bb _builder_version=\u00bb4.18.1&#8243; _module_preset=\u00bbdefault\u00bb global_colors_info=\u00bb{}\u00bb locked=\u00bboff\u00bb][et_pb_fullwidth_slider show_pagination=\u00bboff\u00bb _builder_version=\u00bb4.25.0&#8243; _module_preset=\u00bbdefault\u00bb header_font=\u00bbArchivo||||||||\u00bb use_background_color_gradient=\u00bbon\u00bb background_color_gradient_direction=\u00bb340deg\u00bb background_color_gradient_stops=\u00bb#fefd38 0%|#ff8017 20%|#004033 40%\u00bb height=\u00bb75vh\u00bb auto=\u00bbon\u00bb auto_speed=\u00bb5000&#8243; hover_enabled=\u00bb0&#8243; global_colors_info=\u00bb{}\u00bb sticky_enabled=\u00bb0&#8243;][et_pb_slide heading=\u00bbDiversity &#038; Inclusion\u00bb _builder_version=\u00bb4.25.0&#8243; _module_preset=\u00bbdefault\u00bb header_font=\u00bbF37 light||||||||\u00bb header_text_color=\u00bb#FFFFFF\u00bb header_font_size=\u00bb90pt\u00bb background_enable_color=\u00bboff\u00bb background_image=\u00bbhttps:\/\/careers.enstall.com\/wp-content\/uploads\/2024\/05\/DSC04571-scaled.jpg\u00bb background_enable_image=\u00bbon\u00bb background_position=\u00bbcenter_right\u00bb background_blend=\u00bbsoft-light\u00bb hover_enabled=\u00bb0&#8243; header_font_size_tablet=\u00bb60px\u00bb header_font_size_phone=\u00bb30px\u00bb header_font_size_last_edited=\u00bbon|phone\u00bb header_text_shadow_style=\u00bbpreset1&#8243; global_colors_info=\u00bb{}\u00bb sticky_transition=\u00bbon\u00bb sticky_enabled=\u00bb0&#8243; title_text=\u00bbDSC04571&#8243;][\/et_pb_slide][et_pb_slide heading=\u00bbDiversity &#038; Inclusion\u00bb _builder_version=\u00bb4.25.0&#8243; _module_preset=\u00bbdefault\u00bb header_font=\u00bbF37 light||||||||\u00bb header_text_color=\u00bb#FFFFFF\u00bb header_font_size=\u00bb90pt\u00bb background_enable_color=\u00bboff\u00bb background_image=\u00bbhttps:\/\/careers.enstall.com\/wp-content\/uploads\/2024\/05\/Enstall-screenshots-99-scaled.jpg\u00bb background_enable_image=\u00bbon\u00bb background_blend=\u00bbsoft-light\u00bb hover_enabled=\u00bb0&#8243; header_font_size_tablet=\u00bb60px\u00bb header_font_size_phone=\u00bb30px\u00bb header_font_size_last_edited=\u00bbon|phone\u00bb header_text_shadow_style=\u00bbpreset1&#8243; global_colors_info=\u00bb{}\u00bb sticky_transition=\u00bbon\u00bb sticky_enabled=\u00bb0&#8243; title_text=\u00bbEnstall-screenshots-99&#8243;][\/et_pb_slide][\/et_pb_fullwidth_slider][\/et_pb_section][et_pb_section fb_built=\u00bb1&#8243; custom_padding_last_edited=\u00bbon|phone\u00bb _builder_version=\u00bb4.19.4&#8243; _module_preset=\u00bbdefault\u00bb background_color=\u00bb#004033&#8243; custom_padding=\u00bb100px||6px|||\u00bb custom_padding_tablet=\u00bb||||false|false\u00bb custom_padding_phone=\u00bb90px||||false|false\u00bb border_color_top=\u00bb#EF7F00&#8243; global_colors_info=\u00bb{}\u00bb][et_pb_row make_equal=\u00bbon\u00bb _builder_version=\u00bb4.18.0&#8243; _module_preset=\u00bbdefault\u00bb custom_padding=\u00bb1px|||||\u00bb animation_style=\u00bbslide\u00bb global_colors_info=\u00bb{}\u00bb][et_pb_column type=\u00bb4_4&#8243; _builder_version=\u00bb4.18.0&#8243; _module_preset=\u00bbdefault\u00bb custom_css_main_element=\u00bbmargin: auto;\u00bb global_colors_info=\u00bb{}\u00bb][et_pb_text content_tablet=\u00bb<\/p>\n<h1>2\u00aa entrevista &#8211;<\/h1>\n<p>\u00bfTe gusta nuestra empresa y a nosotros nos gustas t\u00fa? En ese caso, \u00a1recibir\u00e1s una propuesta de empleo! (Para algunos puestos podr\u00eda ser necesaria una 3\u00aa entrevista y\/o evaluaci\u00f3n).<\/p>\n<p>\u00bb content_phone=\u00bb<\/p>\n<h1 style=%22text-align: center;%22>2\u00aa entrevista &#8211;<\/h1>\n<p style=%22text-align: center;%22>\u00bfTe gusta nuestra empresa y a nosotros nos gustas t\u00fa? En ese caso, \u00a1recibir\u00e1s una propuesta de empleo! (Para algunos puestos podr\u00eda ser necesaria una 3\u00aa entrevista y\/o evaluaci\u00f3n).<\/p>\n<p>\u00bb content_last_edited=\u00bboff|desktop\u00bb _builder_version=\u00bb4.22.1&#8243; _module_preset=\u00bbdefault\u00bb text_font=\u00bbF37 light||||||||\u00bb text_text_color=\u00bb#FFFFFF\u00bb text_font_size=\u00bb40pt\u00bb text_line_height=\u00bb1em\u00bb header_font=\u00bbArchivo||||||||\u00bb header_text_color=\u00bb#FFFFFF\u00bb header_font_size=\u00bb40px\u00bb max_width=\u00bb100%\u00bb max_width_tablet=\u00bb100%\u00bb max_width_phone=\u00bb100%\u00bb max_width_last_edited=\u00bbon|phone\u00bb module_alignment=\u00bbcenter\u00bb custom_margin=\u00bb||25px||false|false\u00bb global_colors_info=\u00bb{}\u00bb]<\/p>\n<p>Igualdad de oportunidades y diversidad<\/p>\n<p>[\/et_pb_text][et_pb_text content_tablet=\u00bb<\/p>\n<h1>2\u00aa entrevista &#8211;<\/h1>\n<p>\u00bfTe gusta nuestra empresa y a nosotros nos gustas t\u00fa? En ese caso, \u00a1recibir\u00e1s una propuesta de empleo! (Para algunos puestos podr\u00eda ser necesaria una 3\u00aa entrevista y\/o evaluaci\u00f3n).<\/p>\n<p>\u00bb content_phone=\u00bb<\/p>\n<h1 style=%22text-align: center;%22>2\u00aa entrevista &#8211;<\/h1>\n<p style=%22text-align: center;%22>\u00bfTe gusta nuestra empresa y a nosotros nos gustas t\u00fa? En ese caso, \u00a1recibir\u00e1s una propuesta de empleo! (Para algunos puestos podr\u00eda ser necesaria una 3\u00aa entrevista y\/o evaluaci\u00f3n).<\/p>\n<p>\u00bb content_last_edited=\u00bboff|desktop\u00bb _builder_version=\u00bb4.19.4&#8243; _module_preset=\u00bbdefault\u00bb text_font=\u00bbArchivo|300|||||||\u00bb text_text_color=\u00bb#FFFFFF\u00bb text_font_size=\u00bb17px\u00bb header_font=\u00bbArchivo||||||||\u00bb header_text_color=\u00bb#FFFFFF\u00bb header_font_size=\u00bb40px\u00bb width=\u00bb100%\u00bb max_width=\u00bb100%\u00bb max_width_tablet=\u00bb100%\u00bb max_width_phone=\u00bb100%\u00bb max_width_last_edited=\u00bbon|phone\u00bb module_alignment=\u00bbcenter\u00bb custom_margin=\u00bb||-2px|216px||\u00bb global_colors_info=\u00bb{}\u00bb]<\/p>\n<p>En Enstall creemos en el poder de la diversidad. Nuestros diferentes or\u00edgenes, opiniones y culturas enriquecen nuestro entorno de trabajo. La perspectiva \u00fanica de cada miembro del equipo aumenta nuestra capacidad colectiva para resolver problemas. Estamos convencidos de que nuestra diversidad tiene un efecto positivo en nuestra creatividad y que esto nos hace m\u00e1s flexibles y resilientes como empresa.   <\/p>\n<p>Valorados como un \u2018World Class Workplace\u2019, creemos que es importante que todos los que trabajan o solicitan un trabajo con nosotros tengan la oportunidad de mostrar lo mejor de s\u00ed mismos y de crecer tanto profesional como personalmente. No obstante, nuestra b\u00fasqueda de igualdad de oportunidades para todos no se limita al lugar de trabajo. En los pa\u00edses donde estamos activos, apoyamos proyectos locales para aumentar la igualdad de oportunidades. Esto siempre lo hacemos con el objetivo de mantener nuestro planeta m\u00e1s limpio, saludable y habitable para las generaciones venideras. Porque ese es nuestro punto de partida.    <\/p>\n<p>Y con cada nuevo panel solar instalado con nuestros productos, nos acercamos un paso m\u00e1s a nuestro objetivo final: un futuro sostenible.<\/p>\n<p>&nbsp;<\/p>\n<p>[\/et_pb_text][\/et_pb_column][\/et_pb_row][\/et_pb_section]<\/p>\n","protected":false},"excerpt":{"rendered":"<p>Igualdad de oportunidades y diversidadEn Enstall creemos en el poder de la diversidad. Nuestros diferentes or\u00edgenes, opiniones y culturas enriquecen nuestro entorno de trabajo. La perspectiva \u00fanica de cada miembro del equipo aumenta nuestra capacidad colectiva para resolver problemas. Estamos convencidos de que nuestra diversidad tiene un efecto positivo en nuestra creatividad y que esto nos hace m\u00e1s flexibles y resilientes como empresa. Valorados como un \u2018World Class Workplace\u2019, creemos que es importante que todos los que trabajan o solicitan un trabajo con nosotros tengan la oportunidad de mostrar lo mejor de s\u00ed mismos y de crecer tanto profesional como personalmente. No obstante, nuestra b\u00fasqueda de igualdad de oportunidades para todos no se limita al lugar de trabajo. En los pa\u00edses donde estamos activos, apoyamos proyectos locales para aumentar la igualdad de oportunidades. Esto siempre lo hacemos con el objetivo de mantener nuestro planeta m\u00e1s limpio, saludable y habitable para las generaciones venideras. Porque ese es nuestro punto de partida. Y con cada nuevo panel solar instalado con nuestros productos, nos acercamos un paso m\u00e1s a nuestro objetivo final: un futuro sostenible. &nbsp;<\/p>\n","protected":false},"author":2,"featured_media":0,"parent":0,"menu_order":0,"comment_status":"closed","ping_status":"closed","template":"","meta":{"_acf_changed":false,"_et_pb_use_builder":"on","_et_pb_old_content":"","_et_gb_content_width":"","footnotes":""},"class_list":["post-51640","page","type-page","status-publish","hentry"],"acf":[],"_links":{"self":[{"href":"https:\/\/careers.enstall.com\/es\/wp-json\/wp\/v2\/pages\/51640","targetHints":{"allow":["GET"]}}],"collection":[{"href":"https:\/\/careers.enstall.com\/es\/wp-json\/wp\/v2\/pages"}],"about":[{"href":"https:\/\/careers.enstall.com\/es\/wp-json\/wp\/v2\/types\/page"}],"author":[{"embeddable":true,"href":"https:\/\/careers.enstall.com\/es\/wp-json\/wp\/v2\/users\/2"}],"replies":[{"embeddable":true,"href":"https:\/\/careers.enstall.com\/es\/wp-json\/wp\/v2\/comments?post=51640"}],"version-history":[{"count":6,"href":"https:\/\/careers.enstall.com\/es\/wp-json\/wp\/v2\/pages\/51640\/revisions"}],"predecessor-version":[{"id":83229,"href":"https:\/\/careers.enstall.com\/es\/wp-json\/wp\/v2\/pages\/51640\/revisions\/83229"}],"wp:attachment":[{"href":"https:\/\/careers.enstall.com\/es\/wp-json\/wp\/v2\/media?parent=51640"}],"curies":[{"name":"wp","href":"https:\/\/api.w.org\/{rel}","templated":true}]}}