{"id":51646,"date":"2022-10-06T12:55:50","date_gmt":"2022-10-06T12:55:50","guid":{"rendered":"https:\/\/careers.enstall.com\/sustainability\/"},"modified":"2024-05-31T13:14:15","modified_gmt":"2024-05-31T13:14:15","slug":"sustainability","status":"publish","type":"page","link":"https:\/\/careers.enstall.com\/es\/sustainability\/","title":{"rendered":"Sustainability"},"content":{"rendered":"<p>[et_pb_section fb_built=\u00bb1&#8243; fullwidth=\u00bbon\u00bb _builder_version=\u00bb4.18.1&#8243; _module_preset=\u00bbdefault\u00bb global_colors_info=\u00bb{}\u00bb][et_pb_fullwidth_slider show_pagination=\u00bboff\u00bb _builder_version=\u00bb4.25.0&#8243; _module_preset=\u00bbdefault\u00bb use_background_color_gradient=\u00bbon\u00bb background_color_gradient_direction=\u00bb340deg\u00bb background_color_gradient_stops=\u00bb#fefd38 0%|#ff8017 20%|#004033 40%\u00bb height=\u00bb75vh\u00bb auto=\u00bbon\u00bb auto_speed=\u00bb5000&#8243; hover_enabled=\u00bb0&#8243; global_colors_info=\u00bb{}\u00bb sticky_enabled=\u00bb0&#8243;][et_pb_slide heading=\u00bbSustainability\u00bb _builder_version=\u00bb4.25.0&#8243; _module_preset=\u00bbdefault\u00bb header_font=\u00bbF37 light||||||||\u00bb header_text_color=\u00bb#FFFFFF\u00bb header_font_size=\u00bb90pt\u00bb background_enable_color=\u00bboff\u00bb background_image=\u00bbhttps:\/\/careers.enstall.com\/wp-content\/uploads\/2024\/05\/Farm-with-solar-panels.png\u00bb background_enable_image=\u00bbon\u00bb background_position=\u00bbtop_center\u00bb background_blend=\u00bbsoft-light\u00bb hover_enabled=\u00bb0&#8243; header_font_size_tablet=\u00bb60px\u00bb header_font_size_phone=\u00bb30px\u00bb header_font_size_last_edited=\u00bbon|phone\u00bb header_text_shadow_style=\u00bbpreset1&#8243; global_colors_info=\u00bb{}\u00bb sticky_transition=\u00bbon\u00bb title_text=\u00bbFarm with solar panels\u00bb sticky_enabled=\u00bb0&#8243;][\/et_pb_slide][\/et_pb_fullwidth_slider][\/et_pb_section][et_pb_section fb_built=\u00bb1&#8243; custom_padding_last_edited=\u00bbon|phone\u00bb _builder_version=\u00bb4.19.4&#8243; _module_preset=\u00bbdefault\u00bb background_color=\u00bb#004033&#8243; custom_padding=\u00bb100px||100px||true|\u00bb custom_padding_tablet=\u00bb||||false|false\u00bb custom_padding_phone=\u00bb90px||||false|false\u00bb border_color_top=\u00bb#EF7F00&#8243; global_colors_info=\u00bb{}\u00bb][et_pb_row make_equal=\u00bbon\u00bb _builder_version=\u00bb4.18.0&#8243; _module_preset=\u00bbdefault\u00bb custom_padding=\u00bb1px||0px|||\u00bb animation_style=\u00bbslide\u00bb global_colors_info=\u00bb{}\u00bb][et_pb_column type=\u00bb4_4&#8243; _builder_version=\u00bb4.18.0&#8243; _module_preset=\u00bbdefault\u00bb custom_css_main_element=\u00bbmargin: auto;\u00bb global_colors_info=\u00bb{}\u00bb][et_pb_text content_tablet=\u00bb<\/p>\n<h1>2\u00aa entrevista &#8211;<\/h1>\n<p>\u00bfTe gusta nuestra empresa y a nosotros nos gustas t\u00fa? En ese caso, \u00a1recibir\u00e1s una propuesta de empleo! (Para algunos puestos podr\u00eda ser necesaria una 3\u00aa entrevista y\/o evaluaci\u00f3n).  <\/p>\n<p>\u00bb content_phone=\u00bb<\/p>\n<h1 style=%22text-align: center;%22>2\u00aa entrevista &#8211;<\/h1>\n<p style=%22text-align: center;%22>\u00bfTe gusta nuestra empresa y a nosotros nos gustas t\u00fa? En ese caso, \u00a1recibir\u00e1s una propuesta de empleo! (Para algunos puestos podr\u00eda ser necesaria una 3\u00aa entrevista y\/o evaluaci\u00f3n).  <\/p>\n<p>\u00bb content_last_edited=\u00bboff|desktop\u00bb _builder_version=\u00bb4.22.1&#8243; _module_preset=\u00bbdefault\u00bb text_font=\u00bbF37 light||||||||\u00bb text_text_color=\u00bb#FFFFFF\u00bb text_font_size=\u00bb40pt\u00bb text_line_height=\u00bb1em\u00bb header_font=\u00bbF37 light||||||||\u00bb header_text_color=\u00bb#FFFFFF\u00bb header_font_size=\u00bb40px\u00bb width=\u00bb100%\u00bb max_width=\u00bb100%\u00bb max_width_tablet=\u00bb100%\u00bb max_width_phone=\u00bb100%\u00bb max_width_last_edited=\u00bbon|phone\u00bb module_alignment=\u00bbcenter\u00bb custom_margin=\u00bb||25px||false|false\u00bb global_colors_info=\u00bb{}\u00bb]<\/p>\n<p style=\"text-align: left;\">Transici\u00f3n a la energ\u00eda limpia<\/p>\n<p>[\/et_pb_text][et_pb_text content_tablet=\u00bb<\/p>\n<h1>2\u00aa entrevista &#8211;<\/h1>\n<p>\u00bfTe gusta nuestra empresa y a nosotros nos gustas t\u00fa? En ese caso, \u00a1recibir\u00e1s una propuesta de empleo! (Para algunos puestos podr\u00eda ser necesaria una 3\u00aa entrevista y\/o evaluaci\u00f3n).  <\/p>\n<p>\u00bb content_phone=\u00bb<\/p>\n<h1 style=%22text-align: center;%22>2\u00aa entrevista &#8211;<\/h1>\n<p style=%22text-align: center;%22>\u00bfTe gusta nuestra empresa y a nosotros nos gustas t\u00fa? En ese caso, \u00a1recibir\u00e1s una propuesta de empleo! (Para algunos puestos podr\u00eda ser necesaria una 3\u00aa entrevista y\/o evaluaci\u00f3n).  <\/p>\n<p>\u00bb content_last_edited=\u00bboff|desktop\u00bb _builder_version=\u00bb4.19.4&#8243; _module_preset=\u00bbdefault\u00bb text_font=\u00bbArchivo|300|||||||\u00bb text_text_color=\u00bb#FFFFFF\u00bb text_font_size=\u00bb17px\u00bb header_font=\u00bbArchivo||||||||\u00bb header_text_color=\u00bb#FFFFFF\u00bb header_font_size=\u00bb40px\u00bb width=\u00bb100%\u00bb max_width=\u00bb100%\u00bb max_width_tablet=\u00bb100%\u00bb max_width_phone=\u00bb100%\u00bb max_width_last_edited=\u00bbon|phone\u00bb module_alignment=\u00bbcenter\u00bb custom_margin=\u00bb||-2px|0px||\u00bb global_colors_info=\u00bb{}\u00bb]<\/p>\n<p>Como empresa, Enstall forma parte de la transici\u00f3n a la energ\u00eda limpia. Queremos minimizar el impacto medioambiental de nuestras actividades. <\/p>\n<p>A trav\u00e9s de la dedicaci\u00f3n y la cooperaci\u00f3n con nuestros empleados, proveedores, socios e instaladores, nos esforzamos para garantizar que cada panel solar instalado nos acerque un paso m\u00e1s a un futuro m\u00e1s limpio y saludable. Entablamos conversaciones con nuestros socios en la cadena, centr\u00e1ndonos, entre otras cosas, en el reciclaje de materiales y materias primas, haciendo que los envases sean m\u00e1s sostenibles y reduciendo los residuos. Todos nuestros colegas y socios comerciales comparten la pasi\u00f3n y la perseverancia por reducir el impacto humano en el medio ambiente.  <\/p>\n<p>[\/et_pb_text][\/et_pb_column][\/et_pb_row][\/et_pb_section][et_pb_section fb_built=\u00bb1&#8243; _builder_version=\u00bb4.19.4&#8243; _module_preset=\u00bbdefault\u00bb background_color=\u00bb#004033&#8243; background_image=\u00bbhttps:\/\/careers.enstall.com\/wp-content\/uploads\/2023\/08\/green.arch_.png\u00bb background_size=\u00bbcontain\u00bb background_position=\u00bbcenter_left\u00bb custom_padding=\u00bb100px||100px||true|\u00bb global_colors_info=\u00bb{}\u00bb][et_pb_row _builder_version=\u00bb4.18.0&#8243; _module_preset=\u00bbdefault\u00bb custom_padding=\u00bb0px|||||\u00bb global_colors_info=\u00bb{}\u00bb][et_pb_column type=\u00bb4_4&#8243; _builder_version=\u00bb4.18.0&#8243; _module_preset=\u00bbdefault\u00bb global_colors_info=\u00bb{}\u00bb][et_pb_text _builder_version=\u00bb4.22.1&#8243; _module_preset=\u00bbdefault\u00bb text_font=\u00bbF37 light||||||||\u00bb text_text_color=\u00bb#FFFFFF\u00bb text_font_size=\u00bb40pt\u00bb text_line_height=\u00bb1em\u00bb header_font=\u00bbArchivo||||||||\u00bb header_text_color=\u00bb#FFFFFF\u00bb header_font_size=\u00bb40px\u00bb width=\u00bb100%\u00bb max_width=\u00bb100%\u00bb max_width_tablet=\u00bb100%\u00bb max_width_phone=\u00bb100%\u00bb max_width_last_edited=\u00bbon|phone\u00bb module_alignment=\u00bbcenter\u00bb custom_margin=\u00bb||25px||false|false\u00bb global_colors_info=\u00bb{}\u00bb]<\/p>\n<p style=\"text-align: center;\">Operaciones empresariales <span style=\"color: #ef7f00;\">sostenibles<\/span><\/p>\n<p>[\/et_pb_text][et_pb_text _builder_version=\u00bb4.19.4&#8243; _module_preset=\u00bbdefault\u00bb text_font=\u00bbArchivo|300|||||||\u00bb text_text_color=\u00bb#FFFFFF\u00bb text_font_size=\u00bb17px\u00bb header_font=\u00bbArchivo||||||||\u00bb header_text_color=\u00bb#FFFFFF\u00bb header_font_size=\u00bb40px\u00bb width=\u00bb100%\u00bb max_width=\u00bb100%\u00bb max_width_tablet=\u00bb100%\u00bb max_width_phone=\u00bb100%\u00bb max_width_last_edited=\u00bbon|phone\u00bb module_alignment=\u00bbcenter\u00bb custom_margin=\u00bb||-2px|0px||\u00bb global_colors_info=\u00bb{}\u00bb]<\/p>\n<p style=\"text-align: center;\">Como empresa l\u00edder mundial en la industria solar, tenemos la responsabilidad de desempe\u00f1ar un papel importante en el sector en t\u00e9rminos de transparencia, tanto en la cadena como en nuestras operaciones empresariales. Para lograrlo y garantizarlo, hemos formulado una visi\u00f3n basada en cuatro pilares: <\/p>\n<p>[\/et_pb_text][\/et_pb_column][\/et_pb_row][et_pb_row column_structure=\u00bb1_2,1_2&#8243; use_custom_gutter=\u00bbon\u00bb gutter_width=\u00bb2&#8243; make_equal=\u00bbon\u00bb _builder_version=\u00bb4.22.1&#8243; _module_preset=\u00bbdefault\u00bb background_color=\u00bb#004033&#8243; custom_margin=\u00bb49px|auto||auto||\u00bb custom_padding=\u00bb0px||0px|||\u00bb animation_style=\u00bbslide\u00bb animation_direction=\u00bbbottom\u00bb animation_direction_tablet=\u00bbbottom\u00bb animation_direction_phone=\u00bbleft\u00bb animation_direction_last_edited=\u00bbon|phone\u00bb global_colors_info=\u00bb{}\u00bb][et_pb_column type=\u00bb1_2&#8243; _builder_version=\u00bb4.22.1&#8243; _module_preset=\u00bbdefault\u00bb background_color=\u00bb#004033&#8243; custom_padding=\u00bb10px||10px||true|false\u00bb animation_style=\u00bbslide\u00bb animation_direction=\u00bbleft\u00bb animation_direction_tablet=\u00bbleft\u00bb animation_direction_phone=\u00bbleft\u00bb animation_direction_last_edited=\u00bbon|desktop\u00bb border_color_left=\u00bb#EF7F00&#8243; box_shadow_style=\u00bbpreset1&#8243; box_shadow_color=\u00bb#FF8017&#8243; global_colors_info=\u00bb{}\u00bb][et_pb_text content_tablet=\u00bb<\/p>\n<h1>2\u00aa entrevista &#8211;<\/h1>\n<p>\u00bfTe gusta nuestra empresa y a nosotros nos gustas t\u00fa? En ese caso, \u00a1recibir\u00e1s una propuesta de empleo! (Para algunos puestos podr\u00eda ser necesaria una 3\u00aa entrevista y\/o evaluaci\u00f3n).  <\/p>\n<p>\u00bb content_phone=\u00bb<\/p>\n<h1 style=%22text-align: center;%22>2\u00aa entrevista &#8211;<\/h1>\n<p style=%22text-align: center;%22>\u00bfTe gusta nuestra empresa y a nosotros nos gustas t\u00fa? En ese caso, \u00a1recibir\u00e1s una propuesta de empleo! (Para algunos puestos podr\u00eda ser necesaria una 3\u00aa entrevista y\/o evaluaci\u00f3n).  <\/p>\n<p>\u00bb content_last_edited=\u00bboff|desktop\u00bb _builder_version=\u00bb4.19.4&#8243; _module_preset=\u00bbdefault\u00bb text_font=\u00bbArchivo||||||||\u00bb text_text_color=\u00bb#FFFFFF\u00bb text_font_size=\u00bb15px\u00bb text_line_height=\u00bb2.1em\u00bb header_font=\u00bbOpen Sans|800|||||||\u00bb header_text_color=\u00bb#1F1D5D\u00bb text_orientation=\u00bbcenter\u00bb custom_margin=\u00bb21px||21px||true|false\u00bb custom_padding=\u00bb|30px||30px|false|true\u00bb global_colors_info=\u00bb{}\u00bb]<\/p>\n<p style=\"text-align: center;\">Pleno cumplimiento de las normas legales<\/p>\n<p>[\/et_pb_text][\/et_pb_column][et_pb_column type=\u00bb1_2&#8243; _builder_version=\u00bb4.22.1&#8243; _module_preset=\u00bbdefault\u00bb background_color=\u00bb#004033&#8243; custom_padding=\u00bb10px||10px||true|false\u00bb animation_style=\u00bbslide\u00bb animation_direction=\u00bbleft\u00bb animation_direction_tablet=\u00bbleft\u00bb animation_direction_phone=\u00bbleft\u00bb animation_direction_last_edited=\u00bbon|desktop\u00bb custom_css_main_element=\u00bbmargin: auto\u00bb border_color_left=\u00bb#EF7F00&#8243; box_shadow_style=\u00bbpreset1&#8243; box_shadow_color=\u00bb#FFB278&#8243; global_colors_info=\u00bb{}\u00bb][et_pb_text content_tablet=\u00bb<\/p>\n<h1>2\u00aa entrevista &#8211;<\/h1>\n<p>\u00bfTe gusta nuestra empresa y a nosotros nos gustas t\u00fa? En ese caso, \u00a1recibir\u00e1s una propuesta de empleo! (Para algunos puestos podr\u00eda ser necesaria una 3\u00aa entrevista y\/o evaluaci\u00f3n).  <\/p>\n<p>\u00bb content_phone=\u00bb<\/p>\n<h1 style=%22text-align: center;%22>2\u00aa entrevista &#8211;<\/h1>\n<p style=%22text-align: center;%22>\u00bfTe gusta nuestra empresa y a nosotros nos gustas t\u00fa? En ese caso, \u00a1recibir\u00e1s una propuesta de empleo! (Para algunos puestos podr\u00eda ser necesaria una 3\u00aa entrevista y\/o evaluaci\u00f3n).  <\/p>\n<p>\u00bb content_last_edited=\u00bboff|desktop\u00bb _builder_version=\u00bb4.19.4&#8243; _module_preset=\u00bbdefault\u00bb text_font=\u00bbArchivo||||||||\u00bb text_text_color=\u00bb#FFFFFF\u00bb text_font_size=\u00bb15px\u00bb text_line_height=\u00bb2.1em\u00bb header_font=\u00bbOpen Sans|800|||||||\u00bb header_text_color=\u00bb#1F1D5D\u00bb text_orientation=\u00bbcenter\u00bb custom_margin=\u00bb21px||21px||true|false\u00bb custom_padding=\u00bb|30px||30px|false|true\u00bb global_colors_info=\u00bb{}\u00bb]<\/p>\n<p style=\"text-align: center;\">Seguridad de los productos y las personas<\/p>\n<p>[\/et_pb_text][\/et_pb_column][\/et_pb_row][et_pb_row column_structure=\u00bb1_2,1_2&#8243; use_custom_gutter=\u00bbon\u00bb gutter_width=\u00bb2&#8243; make_equal=\u00bbon\u00bb _builder_version=\u00bb4.22.1&#8243; _module_preset=\u00bbdefault\u00bb custom_margin=\u00bb30px|auto||auto||\u00bb custom_padding=\u00bb0px||0px|||\u00bb animation_style=\u00bbslide\u00bb animation_direction=\u00bbtop\u00bb animation_direction_tablet=\u00bbtop\u00bb animation_direction_phone=\u00bbleft\u00bb animation_direction_last_edited=\u00bbon|phone\u00bb global_colors_info=\u00bb{}\u00bb][et_pb_column type=\u00bb1_2&#8243; _builder_version=\u00bb4.22.1&#8243; _module_preset=\u00bbdefault\u00bb background_color=\u00bb#004033&#8243; custom_padding=\u00bb10px||10px||true|false\u00bb animation_style=\u00bbslide\u00bb animation_direction=\u00bbleft\u00bb animation_direction_tablet=\u00bbleft\u00bb animation_direction_phone=\u00bbleft\u00bb animation_direction_last_edited=\u00bbon|desktop\u00bb border_color_left=\u00bb#EF7F00&#8243; box_shadow_style=\u00bbpreset1&#8243; box_shadow_color=\u00bb#FEFD38&#8243; global_colors_info=\u00bb{}\u00bb][et_pb_text content_tablet=\u00bb<\/p>\n<h1>2\u00aa entrevista &#8211;<\/h1>\n<p>\u00bfTe gusta nuestra empresa y a nosotros nos gustas t\u00fa? En ese caso, \u00a1recibir\u00e1s una propuesta de empleo! (Para algunos puestos podr\u00eda ser necesaria una 3\u00aa entrevista y\/o evaluaci\u00f3n).  <\/p>\n<p>\u00bb content_phone=\u00bb<\/p>\n<h1 style=%22text-align: center;%22>2\u00aa entrevista &#8211;<\/h1>\n<p style=%22text-align: center;%22>\u00bfTe gusta nuestra empresa y a nosotros nos gustas t\u00fa? En ese caso, \u00a1recibir\u00e1s una propuesta de empleo! (Para algunos puestos podr\u00eda ser necesaria una 3\u00aa entrevista y\/o evaluaci\u00f3n).  <\/p>\n<p>\u00bb content_last_edited=\u00bboff|desktop\u00bb _builder_version=\u00bb4.19.4&#8243; _module_preset=\u00bbdefault\u00bb text_font=\u00bbArchivo||||||||\u00bb text_text_color=\u00bb#FFFFFF\u00bb text_font_size=\u00bb15px\u00bb text_line_height=\u00bb2.1em\u00bb header_font=\u00bbOpen Sans|800|||||||\u00bb header_text_color=\u00bb#1F1D5D\u00bb text_orientation=\u00bbcenter\u00bb custom_margin=\u00bb3px||3px||true|false\u00bb custom_padding=\u00bb|30px||30px|false|true\u00bb global_colors_info=\u00bb{}\u00bb]<\/p>\n<p style=\"text-align: center;\">Cadena de suministro completamente transparente, circular y neutra en carbono<\/p>\n<p>[\/et_pb_text][\/et_pb_column][et_pb_column type=\u00bb1_2&#8243; _builder_version=\u00bb4.22.1&#8243; _module_preset=\u00bbdefault\u00bb background_color=\u00bb#004033&#8243; custom_padding=\u00bb10px||10px||true|false\u00bb animation_style=\u00bbslide\u00bb animation_direction=\u00bbleft\u00bb animation_direction_tablet=\u00bbleft\u00bb animation_direction_phone=\u00bbleft\u00bb animation_direction_last_edited=\u00bbon|desktop\u00bb custom_css_main_element=\u00bbmargin: auto\u00bb border_color_left=\u00bb#EF7F00&#8243; box_shadow_style=\u00bbpreset1&#8243; box_shadow_color=\u00bb#DDEF30&#8243; global_colors_info=\u00bb{}\u00bb][et_pb_text content_tablet=\u00bb<\/p>\n<h1>2\u00aa entrevista &#8211;<\/h1>\n<p>\u00bfTe gusta nuestra empresa y a nosotros nos gustas t\u00fa? En ese caso, \u00a1recibir\u00e1s una propuesta de empleo! (Para algunos puestos podr\u00eda ser necesaria una 3\u00aa entrevista y\/o evaluaci\u00f3n).  <\/p>\n<p>\u00bb content_phone=\u00bb<\/p>\n<h1 style=%22text-align: center;%22>2\u00aa entrevista &#8211;<\/h1>\n<p style=%22text-align: center;%22>\u00bfTe gusta nuestra empresa y a nosotros nos gustas t\u00fa? En ese caso, \u00a1recibir\u00e1s una propuesta de empleo! (Para algunos puestos podr\u00eda ser necesaria una 3\u00aa entrevista y\/o evaluaci\u00f3n).  <\/p>\n<p>\u00bb content_last_edited=\u00bboff|desktop\u00bb _builder_version=\u00bb4.19.4&#8243; _module_preset=\u00bbdefault\u00bb text_font=\u00bbArchivo||||||||\u00bb text_text_color=\u00bb#FFFFFF\u00bb text_font_size=\u00bb15px\u00bb text_line_height=\u00bb2.1em\u00bb header_font=\u00bbOpen Sans|800|||||||\u00bb header_text_color=\u00bb#1F1D5D\u00bb text_orientation=\u00bbcenter\u00bb custom_margin=\u00bb21px||21px||true|false\u00bb custom_padding=\u00bb|30px||30px|false|true\u00bb global_colors_info=\u00bb{}\u00bb]<\/p>\n<p style=\"text-align: center;\">Empleados altamente comprometidos<\/p>\n<p>[\/et_pb_text][\/et_pb_column][\/et_pb_row][\/et_pb_section][et_pb_section fb_built=\u00bb1&#8243; _builder_version=\u00bb4.19.4&#8243; _module_preset=\u00bbdefault\u00bb background_color=\u00bb#004033&#8243; custom_padding=\u00bb100px||100px||true|\u00bb border_color_top=\u00bb#bcdda6&#8243; global_colors_info=\u00bb{}\u00bb][et_pb_row _builder_version=\u00bb4.18.0&#8243; _module_preset=\u00bbdefault\u00bb custom_margin=\u00bb1px|auto||auto|false|false\u00bb custom_padding=\u00bb7px||0px|||\u00bb animation_style=\u00bbslide\u00bb animation_direction=\u00bbbottom\u00bb global_colors_info=\u00bb{}\u00bb][et_pb_column type=\u00bb4_4&#8243; _builder_version=\u00bb4.18.0&#8243; _module_preset=\u00bbdefault\u00bb global_colors_info=\u00bb{}\u00bb][et_pb_text _builder_version=\u00bb4.22.1&#8243; _module_preset=\u00bbdefault\u00bb text_font=\u00bbF37 light|500|||||||\u00bb text_text_color=\u00bb#FFFFFF\u00bb text_font_size=\u00bb40pt\u00bb text_line_height=\u00bb1em\u00bb header_font=\u00bbArchivo||||||||\u00bb header_text_color=\u00bb#FFFFFF\u00bb header_font_size=\u00bb40px\u00bb width=\u00bb100%\u00bb max_width=\u00bb100%\u00bb max_width_tablet=\u00bb100%\u00bb max_width_phone=\u00bb100%\u00bb max_width_last_edited=\u00bbon|phone\u00bb module_alignment=\u00bbcenter\u00bb custom_margin=\u00bb||25px||false|false\u00bb global_colors_info=\u00bb{}\u00bb]<\/p>\n<p style=\"text-align: left;\"><em>Enstall <span style=\"color: #bcdda6;\">Empowers<\/span><\/em><\/p>\n<p>[\/et_pb_text][et_pb_text _builder_version=\u00bb4.19.4&#8243; _module_preset=\u00bbdefault\u00bb text_font=\u00bbArchivo|300|||||||\u00bb text_text_color=\u00bb#FFFFFF\u00bb text_font_size=\u00bb17px\u00bb link_text_color=\u00bb#FF8017&#8243; header_font=\u00bbArchivo||||||||\u00bb header_text_color=\u00bb#FFFFFF\u00bb header_font_size=\u00bb40px\u00bb width=\u00bb100%\u00bb max_width=\u00bb100%\u00bb max_width_tablet=\u00bb100%\u00bb max_width_phone=\u00bb100%\u00bb max_width_last_edited=\u00bbon|phone\u00bb module_alignment=\u00bbcenter\u00bb custom_margin=\u00bb||-2px|0px||\u00bb global_colors_info=\u00bb{}\u00bb]<\/p>\n<p>Como empresa, creemos que es importante contribuir positivamente a un futuro con igualdad de acceso a la energ\u00eda sostenible para todos. Con esto en mente, en 2021 fundamos Empowers. Recientemente, hemos apoyado varios proyectos solares que repercuten en los j\u00f3venes y las personas alejadas del mercado laboral. Por ejemplo, facilitando el desarrollo personal y profesional de los participantes mediante la oferta de formaci\u00f3n completa para convertirse en instaladores solares. En los Pa\u00edses Bajos, nos centramos especialmente en los grupos alejados del mercado laboral, incluidos los refugiados, y en Estados Unidos, en los veteranos.    <\/p>\n<p>[\/et_pb_text][\/et_pb_column][\/et_pb_row][et_pb_row _builder_version=\u00bb4.19.4&#8243; _module_preset=\u00bbdefault\u00bb custom_margin=\u00bb50px||||false|false\u00bb custom_padding=\u00bb0px||0px|||\u00bb global_colors_info=\u00bb{}\u00bb][et_pb_column type=\u00bb4_4&#8243; _builder_version=\u00bb4.18.0&#8243; _module_preset=\u00bbdefault\u00bb global_colors_info=\u00bb{}\u00bb][dsm_post_carousel post_type=\u00bbproject\u00bb use_author=\u00bboff\u00bb use_readmore=\u00bbon\u00bb readmore_text=\u00bbLeer m\u00e1s\u00bb centered_slides=\u00bbon\u00bb autoplay=\u00bboff\u00bb use_pagi=\u00bboff\u00bb use_navi=\u00bboff\u00bb post_equal_height=\u00bbon\u00bb post_item_bg_color=\u00bb#F7F7F7&#8243; content_wrapper=\u00bb|20px|20px|20px|false|false\u00bb _builder_version=\u00bb4.19.4&#8243; _module_preset=\u00bbdefault\u00bb title_font=\u00bbArchivo||||||||\u00bb title_text_color=\u00bb#004033&#8243; body_font=\u00bbArchivo||||||||\u00bb body_text_color=\u00bb#004033&#8243; date_font=\u00bbArchivo||||||||\u00bb date_text_color=\u00bb#bcdda6&#8243; background_color=\u00bbRGBA(255,255,255,0)\u00bb custom_readmore=\u00bbon\u00bb readmore_text_color=\u00bb#004033&#8243; readmore_bg_color=\u00bb#bcdda6&#8243; readmore_border_width=\u00bb0px\u00bb readmore_border_color=\u00bb#FFFFFF\u00bb readmore_font=\u00bbArchivo||||||||\u00bb readmore_icon_color=\u00bb#004033&#8243; min_height=\u00bb544px\u00bb custom_margin=\u00bb||||false|false\u00bb custom_padding=\u00bb||||false|false\u00bb border_radii_post_box=\u00bbon|15px|15px|15px|15px\u00bb border_color_all_post_box=\u00bb#F7F7F7&#8243; border_width_bottom_image=\u00bb5px\u00bb border_color_bottom_image=\u00bb#bcdda6&#8243; global_colors_info=\u00bb{}\u00bb][\/dsm_post_carousel][\/et_pb_column][\/et_pb_row][\/et_pb_section]<\/p>\n","protected":false},"excerpt":{"rendered":"<p>Transici\u00f3n a la energ\u00eda limpiaComo empresa, Enstall forma parte de la transici\u00f3n a la energ\u00eda limpia. Queremos minimizar el impacto medioambiental de nuestras actividades. A trav\u00e9s de la dedicaci\u00f3n y la cooperaci\u00f3n con nuestros empleados, proveedores, socios e instaladores, nos esforzamos para garantizar que cada panel solar instalado nos acerque un paso m\u00e1s a un futuro m\u00e1s limpio y saludable. Entablamos conversaciones con nuestros socios en la cadena, centr\u00e1ndonos, entre otras cosas, en el reciclaje de materiales y materias primas, haciendo que los envases sean m\u00e1s sostenibles y reduciendo los residuos. Todos nuestros colegas y socios comerciales comparten la pasi\u00f3n y la perseverancia por reducir el impacto humano en el medio ambiente. Operaciones empresariales sosteniblesComo empresa l\u00edder mundial en la industria solar, tenemos la responsabilidad de desempe\u00f1ar un papel importante en el sector en t\u00e9rminos de transparencia, tanto en la cadena como en nuestras operaciones empresariales. Para lograrlo y garantizarlo, hemos formulado una visi\u00f3n basada en cuatro pilares: Pleno cumplimiento de las normas legalesSeguridad de los productos y las personasCadena de suministro completamente transparente, circular y neutra en carbonoEmpleados altamente comprometidosEnstall EmpowersComo empresa, creemos que es importante contribuir positivamente a un futuro con igualdad de acceso a la energ\u00eda sostenible [&hellip;]<\/p>\n","protected":false},"author":2,"featured_media":0,"parent":0,"menu_order":0,"comment_status":"closed","ping_status":"closed","template":"","meta":{"_acf_changed":false,"_et_pb_use_builder":"on","_et_pb_old_content":"","_et_gb_content_width":"","footnotes":""},"class_list":["post-51646","page","type-page","status-publish","hentry"],"acf":[],"_links":{"self":[{"href":"https:\/\/careers.enstall.com\/es\/wp-json\/wp\/v2\/pages\/51646","targetHints":{"allow":["GET"]}}],"collection":[{"href":"https:\/\/careers.enstall.com\/es\/wp-json\/wp\/v2\/pages"}],"about":[{"href":"https:\/\/careers.enstall.com\/es\/wp-json\/wp\/v2\/types\/page"}],"author":[{"embeddable":true,"href":"https:\/\/careers.enstall.com\/es\/wp-json\/wp\/v2\/users\/2"}],"replies":[{"embeddable":true,"href":"https:\/\/careers.enstall.com\/es\/wp-json\/wp\/v2\/comments?post=51646"}],"version-history":[{"count":7,"href":"https:\/\/careers.enstall.com\/es\/wp-json\/wp\/v2\/pages\/51646\/revisions"}],"predecessor-version":[{"id":83236,"href":"https:\/\/careers.enstall.com\/es\/wp-json\/wp\/v2\/pages\/51646\/revisions\/83236"}],"wp:attachment":[{"href":"https:\/\/careers.enstall.com\/es\/wp-json\/wp\/v2\/media?parent=51646"}],"curies":[{"name":"wp","href":"https:\/\/api.w.org\/{rel}","templated":true}]}}