{"id":51652,"date":"2022-10-07T14:20:35","date_gmt":"2022-10-07T14:20:35","guid":{"rendered":"https:\/\/careers.enstall.com\/why-join-us\/"},"modified":"2023-12-11T13:34:31","modified_gmt":"2023-12-11T13:34:31","slug":"why-join-us","status":"publish","type":"page","link":"https:\/\/careers.enstall.com\/es\/why-join-us\/","title":{"rendered":"Why join us"},"content":{"rendered":"<p>[et_pb_section fb_built=\u00bb1&#8243; _builder_version=\u00bb4.19.4&#8243; _module_preset=\u00bbdefault\u00bb background_enable_color=\u00bboff\u00bb use_background_color_gradient=\u00bbon\u00bb background_color_gradient_direction=\u00bb340deg\u00bb background_color_gradient_stops=\u00bb#fefd38 0%|#ff8017 19%|#004033 40%\u00bb background_enable_image=\u00bboff\u00bb background_blend=\u00bbsoft-light\u00bb background_video_mp4=\u00bbhttps:\/\/careers.enstall.com\/wp-content\/uploads\/2022\/12\/worklife-v2-2.mov\u00bb z_index=\u00bb500&#8243; height=\u00bb80vh\u00bb custom_margin=\u00bb||-16px||false|false\u00bb custom_padding=\u00bb30px||58px||false|false\u00bb background_last_edited=\u00bbon|phone\u00bb background_video_mp4_tablet=\u00bbhttps:\/\/careers.enstall.com\/wp-content\/uploads\/2022\/12\/worklife-v2-2.mov\u00bb background_video_mp4_phone=\u00bbhttps:\/\/careers.enstall.com\/wp-content\/uploads\/2022\/12\/worklife-v2-2.mov\u00bb background_enable_video_mp4_tablet=\u00bbon\u00bb background_enable_video_mp4_phone=\u00bbon\u00bb global_colors_info=\u00bb{}\u00bb][\/et_pb_section][et_pb_section fb_built=\u00bb1&#8243; _builder_version=\u00bb4.19.4&#8243; _module_preset=\u00bbdefault\u00bb background_color=\u00bb#004033&#8243; background_enable_image=\u00bboff\u00bb background_size=\u00bbcustom\u00bb background_image_height=\u00bb100%\u00bb background_position=\u00bbbottom_right\u00bb background_horizontal_offset=\u00bb0%\u00bb custom_padding=\u00bb100px||0px||false|\u00bb border_color_top=\u00bb#EF7F00&#8243; global_colors_info=\u00bb{}\u00bb][et_pb_row column_structure=\u00bb1_3,1_3,1_3&#8243; use_custom_gutter=\u00bbon\u00bb gutter_width=\u00bb1&#8243; make_equal=\u00bbon\u00bb _builder_version=\u00bb4.19.4&#8243; _module_preset=\u00bbdefault\u00bb width=\u00bb100%\u00bb max_width=\u00bb2560px\u00bb custom_padding=\u00bb0px||0px|||\u00bb global_colors_info=\u00bb{}\u00bb][et_pb_column type=\u00bb1_3&#8243; disabled_on=\u00bbon|on|off\u00bb _builder_version=\u00bb4.19.4&#8243; _module_preset=\u00bbdefault\u00bb global_colors_info=\u00bb{}\u00bb][et_pb_image src=\u00bbhttps:\/\/careers.enstall.com\/wp-content\/uploads\/2023\/09\/Why-joins-us.png\u00bb title_text=\u00bb15&#8243; _builder_version=\u00bb4.22.1&#8243; _module_preset=\u00bbdefault\u00bb module_alignment=\u00bbleft\u00bb animation_style=\u00bbslide\u00bb animation_direction=\u00bbbottom\u00bb global_colors_info=\u00bb{}\u00bb][\/et_pb_image][\/et_pb_column][et_pb_column type=\u00bb1_3&#8243; _builder_version=\u00bb4.18.0&#8243; _module_preset=\u00bbdefault\u00bb custom_css_main_element=\u00bbmargin: auto;\u00bb global_colors_info=\u00bb{}\u00bb][et_pb_text _builder_version=\u00bb4.22.1&#8243; _module_preset=\u00bbdefault\u00bb text_font=\u00bbArchivo|300|||||||\u00bb text_text_color=\u00bb#FFFFFF\u00bb text_font_size=\u00bb45px\u00bb header_font=\u00bbF37 light||||||||\u00bb header_text_color=\u00bb#FFFFFF\u00bb header_font_size=\u00bb40pt\u00bb width=\u00bb100%\u00bb width_tablet=\u00bb79%\u00bb width_phone=\u00bb79%\u00bb width_last_edited=\u00bbon|phone\u00bb max_width=\u00bb100%\u00bb max_width_tablet=\u00bb100%\u00bb max_width_phone=\u00bb100%\u00bb max_width_last_edited=\u00bbon|phone\u00bb module_alignment=\u00bbcenter\u00bb custom_margin=\u00bb||3px||false|false\u00bb global_colors_info=\u00bb{}\u00bb]<\/p>\n<h1 style=\"text-align: left;\">La nueva energ\u00eda marca la <span style=\"color: #ef7f00;\">diferencia<\/span><\/h1>\n<p>[\/et_pb_text][et_pb_text _builder_version=\u00bb4.22.1&#8243; _module_preset=\u00bbdefault\u00bb text_font=\u00bbArchivo|300|||||||\u00bb text_text_color=\u00bb#FFFFFF\u00bb text_font_size=\u00bb17px\u00bb header_font=\u00bbArchivo||||||||\u00bb header_text_color=\u00bb#FFFFFF\u00bb header_font_size=\u00bb40px\u00bb width=\u00bb100%\u00bb width_tablet=\u00bb79%\u00bb width_phone=\u00bb80%\u00bb width_last_edited=\u00bbon|tablet\u00bb max_width=\u00bb100%\u00bb max_width_tablet=\u00bb100%\u00bb max_width_phone=\u00bb100%\u00bb max_width_last_edited=\u00bboff|desktop\u00bb module_alignment=\u00bbcenter\u00bb custom_margin=\u00bb||-2px|216px||\u00bb global_colors_info=\u00bb{}\u00bb]<\/p>\n<p>Hacer realidad la transici\u00f3n a la energ\u00eda solar significa que nuestros sistemas de montaje se instalar\u00e1n en millones de tejados en todo el mundo. Este es un viaje que solo podremos completar con \u00e9xito si lo hacemos juntos. Lluvia de ideas, generar buenas estrategias, innovar, juntos siempre trabajamos mejor. Si a\u00f1ades tu entusiasmo, impulso y energ\u00eda a nuestro equipo, estaremos all\u00ed para capacitarte y desafiarte a\u00fan m\u00e1s. En una organizaci\u00f3n en crecimiento donde podr\u00e1s desarrollarte y destacar.    <\/p>\n<p>Contamos con un equipo de m\u00e1s de 650 compa\u00f1eros en todo el mundo; este es el mayor y m\u00e1s importante valor de nuestra empresa. Somos muchos, pero juntos formamos un solo equipo. <\/p>\n<p>Todo comenz\u00f3 en los Pa\u00edses Bajos y, por supuesto, apreciamos nuestra historia neerlandesa, pero estamos orgullosos de nuestros equipos diversos e internacionales, con m\u00e1s de 20 nacionalidades, que atienden a nuestros clientes en todo el mundo. Tratamos a todos con respeto, independientemente de su posici\u00f3n o creencia. Nos apoyamos mutuamente, tanto profesional como personalmente.  <\/p>\n<p>[\/et_pb_text][\/et_pb_column][et_pb_column type=\u00bb1_3&#8243; disabled_on=\u00bbon|on|off\u00bb _builder_version=\u00bb4.19.4&#8243; _module_preset=\u00bbdefault\u00bb global_colors_info=\u00bb{}\u00bb][\/et_pb_column][\/et_pb_row][\/et_pb_section][et_pb_section fb_built=\u00bb1&#8243; disabled_on=\u00bbon|on|off\u00bb _builder_version=\u00bb4.19.4&#8243; _module_preset=\u00bbdefault\u00bb background_color=\u00bb#004033&#8243; background_image=\u00bbhttps:\/\/careers.enstall.com\/wp-content\/uploads\/2023\/08\/yellow.arch_.png\u00bb background_size=\u00bbcontain\u00bb background_position=\u00bbtop_right\u00bb custom_padding=\u00bb100px||100px||true|\u00bb global_colors_info=\u00bb{}\u00bb][et_pb_row column_structure=\u00bb1_2,1_2&#8243; use_custom_gutter=\u00bbon\u00bb gutter_width=\u00bb2&#8243; make_equal=\u00bbon\u00bb _builder_version=\u00bb4.19.1&#8243; _module_preset=\u00bbdefault\u00bb z_index=\u00bb0&#8243; custom_margin=\u00bb-28px|auto||auto||\u00bb scroll_vertical_motion_enable=\u00bbon\u00bb scroll_vertical_motion=\u00bb0|20|100|100|2|0|0&#8243; sticky_position_last_edited=\u00bboff|desktop\u00bb global_colors_info=\u00bb{}\u00bb][et_pb_column type=\u00bb1_2&#8243; _builder_version=\u00bb4.19.1&#8243; _module_preset=\u00bbdefault\u00bb scroll_horizontal_motion_enable=\u00bbon\u00bb scroll_horizontal_motion=\u00bb0|20|100|100|1.5|0|0&#8243; global_colors_info=\u00bb{}\u00bb][et_pb_text _builder_version=\u00bb4.22.1&#8243; _module_preset=\u00bbdefault\u00bb text_font=\u00bbArchivo||||||||\u00bb text_text_color=\u00bb#FFFFFF\u00bb header_font=\u00bbF37 light||||||||\u00bb header_text_color=\u00bb#FFFFFF\u00bb header_font_size=\u00bb34pt\u00bb header_2_font=\u00bbOpen Sans|800|||||||\u00bb header_2_text_color=\u00bb#1F1D5D\u00bb header_2_font_size=\u00bb12px\u00bb background_color=\u00bb#004033&#8243; width=\u00bb100%\u00bb min_height=\u00bb250px\u00bb custom_margin=\u00bb||0px||false|false\u00bb custom_padding=\u00bb25px|25px|25px|25px|true|true\u00bb hover_enabled=\u00bb0&#8243; border_radii=\u00bbon|5px|5px|5px|5px\u00bb border_color_left=\u00bb#EF7F00&#8243; box_shadow_style=\u00bbpreset1&#8243; box_shadow_color=\u00bb#FF8017&#8243; global_colors_info=\u00bb{}\u00bb sticky_enabled=\u00bb0&#8243;]<\/p>\n<h1>Somos una familia<\/h1>\n<p>Nos escuchamos los unos a los otros. La transparencia y la comunicaci\u00f3n son fundamentales para trabajar juntos, para ser un verdadero equipo. Confiamos en que cumpliremos con nuestras obligaciones y trataremos a todos con respeto, independientemente de su posici\u00f3n o creencia.<\/p>\n<p>[\/et_pb_text][\/et_pb_column][et_pb_column type=\u00bb1_2&#8243; _builder_version=\u00bb4.19.1&#8243; _module_preset=\u00bbdefault\u00bb scroll_horizontal_motion_enable=\u00bbon\u00bb scroll_horizontal_motion=\u00bb0|20|50|100|-1.5|0|0&#8243; global_colors_info=\u00bb{}\u00bb][et_pb_text _builder_version=\u00bb4.22.1&#8243; _module_preset=\u00bbdefault\u00bb text_font=\u00bbArchivo||||||||\u00bb text_text_color=\u00bb#FFFFFF\u00bb header_font=\u00bbF37 light||||||||\u00bb header_text_color=\u00bb#FFFFFF\u00bb header_font_size=\u00bb34pt\u00bb header_2_font=\u00bbOpen Sans|800|||||||\u00bb header_2_text_color=\u00bb#1F1D5D\u00bb header_2_font_size=\u00bb12px\u00bb background_color=\u00bb#004033&#8243; width=\u00bb100%\u00bb min_height=\u00bb250px\u00bb custom_margin=\u00bb||0px||false|false\u00bb custom_padding=\u00bb25px|25px|25px|25px|true|true\u00bb hover_enabled=\u00bb0&#8243; border_radii=\u00bbon|5px|5px|5px|5px\u00bb border_color_left=\u00bb#EF7F00&#8243; box_shadow_style=\u00bbpreset1&#8243; box_shadow_color=\u00bb#FFB278&#8243; global_colors_info=\u00bb{}\u00bb sticky_enabled=\u00bb0&#8243;]<\/p>\n<h1>Hacemos lo correcto<\/h1>\n<p>Siempre actuamos teniendo en cuenta la integridad y la sostenibilidad, pensando en nuestros compa\u00f1eros, clientes, socios comerciales y en nuestro medio ambiente. Cumplimos nuestras obligaciones y asumimos la responsabilidad de nuestras acciones. Somos transparentes y honestos al abordar los problemas.<\/p>\n<p>[\/et_pb_text][\/et_pb_column][\/et_pb_row][et_pb_row _builder_version=\u00bb4.19.4&#8243; _module_preset=\u00bbdefault\u00bb z_index=\u00bb5&#8243; custom_padding=\u00bb0px||||false|false\u00bb global_colors_info=\u00bb{}\u00bb][et_pb_column type=\u00bb4_4&#8243; _builder_version=\u00bb4.19.1&#8243; _module_preset=\u00bbdefault\u00bb global_colors_info=\u00bb{}\u00bb][et_pb_text _builder_version=\u00bb4.19.4&#8243; _module_preset=\u00bbdefault\u00bb text_font=\u00bbF37 light|300|||||||\u00bb text_text_color=\u00bb#FFFFFF\u00bb text_font_size=\u00bb40pt\u00bb header_font=\u00bbArchivo||||||||\u00bb header_text_color=\u00bb#FFFFFF\u00bb header_font_size=\u00bb40px\u00bb background_color=\u00bb#004033&#8243; width=\u00bb100%\u00bb max_width=\u00bb100%\u00bb max_width_tablet=\u00bb100%\u00bb max_width_phone=\u00bb100%\u00bb max_width_last_edited=\u00bbon|phone\u00bb module_alignment=\u00bbcenter\u00bb custom_margin=\u00bb25px||25px||true|false\u00bb custom_padding=\u00bb45px|35px|45px|35px|true|true\u00bb custom_css_main_element=\u00bbwidth: fit-content;||margin: auto;\u00bb border_radii=\u00bbon|10px|10px|10px|10px\u00bb box_shadow_style=\u00bbpreset1&#8243; box_shadow_color=\u00bb#FF8017&#8243; global_colors_info=\u00bb{}\u00bb]<\/p>\n<p style=\"text-align: center;\">Nuestros valores<\/p>\n<p>[\/et_pb_text][\/et_pb_column][\/et_pb_row][et_pb_row column_structure=\u00bb1_2,1_2&#8243; use_custom_gutter=\u00bbon\u00bb gutter_width=\u00bb2&#8243; _builder_version=\u00bb4.19.1&#8243; _module_preset=\u00bbdefault\u00bb custom_margin=\u00bb-28px|auto||auto||\u00bb custom_padding=\u00bb29px||1px|||\u00bb scroll_vertical_motion_enable=\u00bbon\u00bb scroll_vertical_motion=\u00bb0|10|100|100|-0.5|0|0&#8243; global_colors_info=\u00bb{}\u00bb][et_pb_column type=\u00bb1_2&#8243; _builder_version=\u00bb4.19.1&#8243; _module_preset=\u00bbdefault\u00bb scroll_horizontal_motion_enable=\u00bbon\u00bb scroll_horizontal_motion=\u00bb0|20|52|100|1.5|0|0&#8243; global_colors_info=\u00bb{}\u00bb][et_pb_text _builder_version=\u00bb4.22.1&#8243; _module_preset=\u00bbdefault\u00bb text_font=\u00bbArchivo||||||||\u00bb text_text_color=\u00bb#FFFFFF\u00bb header_font=\u00bbF37 light||||||||\u00bb header_text_color=\u00bb#FFFFFF\u00bb header_font_size=\u00bb34pt\u00bb header_2_font=\u00bbOpen Sans|800|||||||\u00bb header_2_text_color=\u00bb#1F1D5D\u00bb header_2_font_size=\u00bb12px\u00bb background_color=\u00bb#004033&#8243; width=\u00bb100%\u00bb min_height=\u00bb250px\u00bb custom_margin=\u00bb||0px||false|false\u00bb custom_padding=\u00bb25px|25px|25px|25px|true|true\u00bb hover_enabled=\u00bb0&#8243; border_radii=\u00bbon|5px|5px|5px|5px\u00bb border_color_left=\u00bb#FEFD38&#8243; box_shadow_style=\u00bbpreset1&#8243; box_shadow_color=\u00bb#FEFD38&#8243; global_colors_info=\u00bb{}\u00bb sticky_enabled=\u00bb0&#8243;]<\/p>\n<h1>Aceptamos el cambio<\/h1>\n<p>Trabajar juntos en la energ\u00eda sostenible para las generaciones futuras es toda una aventura. Somos curiosos y damos la bienvenida a nuevos desaf\u00edos. Desafiamos el statu quo y siempre miramos m\u00e1s all\u00e1 de nuestros objetivos.<\/p>\n<p>[\/et_pb_text][\/et_pb_column][et_pb_column type=\u00bb1_2&#8243; _builder_version=\u00bb4.19.1&#8243; _module_preset=\u00bbdefault\u00bb scroll_horizontal_motion_enable=\u00bbon\u00bb scroll_horizontal_motion=\u00bb0|20|50|100|-1.5|0|0&#8243; global_colors_info=\u00bb{}\u00bb][et_pb_text _builder_version=\u00bb4.22.1&#8243; _module_preset=\u00bbdefault\u00bb text_font=\u00bbArchivo||||||||\u00bb text_text_color=\u00bb#FFFFFF\u00bb header_font=\u00bbF37 light||||||||\u00bb header_text_color=\u00bb#FFFFFF\u00bb header_font_size=\u00bb34pt\u00bb header_2_font=\u00bbOpen Sans|800|||||||\u00bb header_2_text_color=\u00bb#1F1D5D\u00bb header_2_font_size=\u00bb12px\u00bb background_color=\u00bb#004033&#8243; width=\u00bb100%\u00bb min_height=\u00bb250px\u00bb custom_margin=\u00bb||0px||false|false\u00bb custom_padding=\u00bb25px|25px|25px|25px|true|true\u00bb hover_enabled=\u00bb0&#8243; border_radii=\u00bbon|5px|5px|5px|5px\u00bb border_color_left=\u00bb#EF7F00&#8243; box_shadow_style=\u00bbpreset1&#8243; box_shadow_color=\u00bb#DDEF30&#8243; global_colors_info=\u00bb{}\u00bb sticky_enabled=\u00bb0&#8243;]<\/p>\n<h1>Producimos m\u00e1s con menos<\/h1>\n<p>La innovaci\u00f3n es la clave para encontrar soluciones, para nosotros y para nuestros clientes. Nuestro enfoque se centra en la ejecuci\u00f3n y la eficiencia. Todo el mundo comete errores y aprendemos de ellos.<\/p>\n<p>[\/et_pb_text][\/et_pb_column][\/et_pb_row][\/et_pb_section][et_pb_section fb_built=\u00bb1&#8243; disabled_on=\u00bboff|off|on\u00bb _builder_version=\u00bb4.19.4&#8243; _module_preset=\u00bbdefault\u00bb background_color=\u00bb#004033&#8243; background_image=\u00bbhttps:\/\/careers.enstall.com\/wp-content\/uploads\/2023\/08\/yellow.arch_.png\u00bb background_size=\u00bbcontain\u00bb background_position=\u00bbtop_right\u00bb custom_padding=\u00bb100px||100px||true|\u00bb global_colors_info=\u00bb{}\u00bb][et_pb_row _builder_version=\u00bb4.19.4&#8243; _module_preset=\u00bbdefault\u00bb z_index=\u00bb5&#8243; custom_margin=\u00bb|auto|18px|auto||\u00bb custom_padding=\u00bb0px||0px||false|false\u00bb global_colors_info=\u00bb{}\u00bb][et_pb_column type=\u00bb4_4&#8243; _builder_version=\u00bb4.19.1&#8243; _module_preset=\u00bbdefault\u00bb global_colors_info=\u00bb{}\u00bb][et_pb_text _builder_version=\u00bb4.22.1&#8243; _module_preset=\u00bbdefault\u00bb text_font=\u00bbF37 light|300|||||||\u00bb text_text_color=\u00bb#FFFFFF\u00bb text_font_size=\u00bb40pt\u00bb text_line_height=\u00bb1em\u00bb header_font=\u00bbArchivo||||||||\u00bb header_text_color=\u00bb#FFFFFF\u00bb header_font_size=\u00bb40px\u00bb background_color=\u00bb#004033&#8243; width=\u00bb100%\u00bb max_width=\u00bb100%\u00bb max_width_tablet=\u00bb100%\u00bb max_width_phone=\u00bb100%\u00bb max_width_last_edited=\u00bbon|phone\u00bb module_alignment=\u00bbcenter\u00bb custom_margin=\u00bb25px||25px||true|false\u00bb custom_padding=\u00bb45px|35px|45px|35px|true|true\u00bb custom_css_main_element=\u00bbwidth: fit-content;||margin: auto;\u00bb border_radii=\u00bbon|10px|10px|10px|10px\u00bb box_shadow_style=\u00bbpreset1&#8243; box_shadow_color=\u00bb#FF8017&#8243; global_colors_info=\u00bb{}\u00bb]<\/p>\n<p style=\"text-align: center;\">Nuestros valores<\/p>\n<p>[\/et_pb_text][\/et_pb_column][\/et_pb_row][et_pb_row column_structure=\u00bb1_2,1_2&#8243; use_custom_gutter=\u00bbon\u00bb gutter_width=\u00bb2&#8243; make_equal=\u00bbon\u00bb _builder_version=\u00bb4.19.4&#8243; _module_preset=\u00bbdefault\u00bb z_index=\u00bb0&#8243; custom_margin=\u00bb-28px|auto||auto||\u00bb scroll_vertical_motion=\u00bb0|20|100|100|2|0|0&#8243; sticky_position_last_edited=\u00bboff|desktop\u00bb global_colors_info=\u00bb{}\u00bb][et_pb_column type=\u00bb1_2&#8243; _builder_version=\u00bb4.19.4&#8243; _module_preset=\u00bbdefault\u00bb scroll_horizontal_motion=\u00bb0|20|100|100|1.5|0|0&#8243; global_colors_info=\u00bb{}\u00bb][et_pb_text _builder_version=\u00bb4.19.4&#8243; _module_preset=\u00bbdefault\u00bb text_font=\u00bbArchivo||||||||\u00bb text_text_color=\u00bb#FFFFFF\u00bb header_font=\u00bbF37 light||||||||\u00bb header_text_color=\u00bb#FFFFFF\u00bb header_font_size=\u00bb34pt\u00bb header_2_font=\u00bbOpen Sans|800|||||||\u00bb header_2_text_color=\u00bb#1F1D5D\u00bb header_2_font_size=\u00bb12px\u00bb background_color=\u00bb#004033&#8243; width=\u00bb100%\u00bb min_height=\u00bb200px\u00bb custom_margin=\u00bb||0px||false|false\u00bb custom_padding=\u00bb25px|25px|25px|25px|true|true\u00bb border_radii=\u00bbon|5px|5px|5px|5px\u00bb border_color_left=\u00bb#EF7F00&#8243; box_shadow_style=\u00bbpreset1&#8243; box_shadow_color=\u00bb#FF8017&#8243; global_colors_info=\u00bb{}\u00bb]<\/p>\n<h1>Somos una familia<\/h1>\n<p>Nos escuchamos los unos a los otros. La transparencia y la comunicaci\u00f3n son fundamentales para trabajar juntos, para ser un verdadero equipo. Confiamos en que cumpliremos con nuestras obligaciones y trataremos a todos con respeto, independientemente de su posici\u00f3n o creencia.  <\/p>\n<p>[\/et_pb_text][\/et_pb_column][et_pb_column type=\u00bb1_2&#8243; _builder_version=\u00bb4.19.4&#8243; _module_preset=\u00bbdefault\u00bb scroll_horizontal_motion=\u00bb0|20|50|100|-1.5|0|0&#8243; global_colors_info=\u00bb{}\u00bb][et_pb_text _builder_version=\u00bb4.19.4&#8243; _module_preset=\u00bbdefault\u00bb text_font=\u00bbArchivo||||||||\u00bb text_text_color=\u00bb#FFFFFF\u00bb header_font=\u00bbF37 light||||||||\u00bb header_text_color=\u00bb#FFFFFF\u00bb header_font_size=\u00bb34pt\u00bb header_2_font=\u00bbOpen Sans|800|||||||\u00bb header_2_text_color=\u00bb#1F1D5D\u00bb header_2_font_size=\u00bb12px\u00bb background_color=\u00bb#004033&#8243; width=\u00bb100%\u00bb min_height=\u00bb200px\u00bb custom_margin=\u00bb||0px||false|false\u00bb custom_padding=\u00bb25px|25px|25px|25px|true|true\u00bb border_radii=\u00bbon|5px|5px|5px|5px\u00bb border_color_left=\u00bb#EF7F00&#8243; box_shadow_style=\u00bbpreset1&#8243; box_shadow_color=\u00bb#FFB278&#8243; global_colors_info=\u00bb{}\u00bb]<\/p>\n<h1>Hacemos lo correcto<\/h1>\n<p>Siempre actuamos teniendo en cuenta la integridad y la sostenibilidad, pensando en nuestros compa\u00f1eros, clientes, socios comerciales y en nuestro medio ambiente. Cumplimos nuestras obligaciones y asumimos la responsabilidad de nuestras acciones. Somos transparentes y honestos al abordar los problemas.  <\/p>\n<p>[\/et_pb_text][\/et_pb_column][\/et_pb_row][et_pb_row column_structure=\u00bb1_2,1_2&#8243; use_custom_gutter=\u00bbon\u00bb gutter_width=\u00bb2&#8243; _builder_version=\u00bb4.19.4&#8243; _module_preset=\u00bbdefault\u00bb custom_margin=\u00bb-28px|auto||auto||\u00bb custom_padding=\u00bb29px||1px|||\u00bb scroll_vertical_motion=\u00bb0|10|100|100|-0.5|0|0&#8243; global_colors_info=\u00bb{}\u00bb][et_pb_column type=\u00bb1_2&#8243; _builder_version=\u00bb4.19.4&#8243; _module_preset=\u00bbdefault\u00bb scroll_horizontal_motion=\u00bb0|20|52|100|1.5|0|0&#8243; global_colors_info=\u00bb{}\u00bb][et_pb_text _builder_version=\u00bb4.19.4&#8243; _module_preset=\u00bbdefault\u00bb text_font=\u00bbArchivo||||||||\u00bb text_text_color=\u00bb#FFFFFF\u00bb header_font=\u00bbF37 light||||||||\u00bb header_text_color=\u00bb#FFFFFF\u00bb header_font_size=\u00bb34pt\u00bb header_2_font=\u00bbOpen Sans|800|||||||\u00bb header_2_text_color=\u00bb#1F1D5D\u00bb header_2_font_size=\u00bb12px\u00bb background_color=\u00bb#004033&#8243; width=\u00bb100%\u00bb min_height=\u00bb200px\u00bb custom_margin=\u00bb||0px||false|false\u00bb custom_padding=\u00bb25px|25px|25px|25px|true|true\u00bb border_radii=\u00bbon|5px|5px|5px|5px\u00bb border_color_left=\u00bb#FEFD38&#8243; box_shadow_style=\u00bbpreset1&#8243; box_shadow_color=\u00bb#FEFD38&#8243; global_colors_info=\u00bb{}\u00bb]<\/p>\n<h1>Aceptamos el cambio<\/h1>\n<p>Trabajar juntos en la energ\u00eda sostenible para las generaciones futuras es toda una aventura. Somos curiosos y damos la bienvenida a nuevos desaf\u00edos. Desafiamos el statu quo y siempre miramos m\u00e1s all\u00e1 de nuestros objetivos.  <\/p>\n<p>[\/et_pb_text][\/et_pb_column][et_pb_column type=\u00bb1_2&#8243; _builder_version=\u00bb4.19.4&#8243; _module_preset=\u00bbdefault\u00bb scroll_horizontal_motion=\u00bb0|20|50|100|-1.5|0|0&#8243; global_colors_info=\u00bb{}\u00bb][et_pb_text _builder_version=\u00bb4.19.4&#8243; _module_preset=\u00bbdefault\u00bb text_font=\u00bbArchivo||||||||\u00bb text_text_color=\u00bb#FFFFFF\u00bb header_font=\u00bbF37 light||||||||\u00bb header_text_color=\u00bb#FFFFFF\u00bb header_font_size=\u00bb34pt\u00bb header_2_font=\u00bbOpen Sans|800|||||||\u00bb header_2_text_color=\u00bb#1F1D5D\u00bb header_2_font_size=\u00bb12px\u00bb background_color=\u00bb#004033&#8243; width=\u00bb100%\u00bb min_height=\u00bb200px\u00bb custom_margin=\u00bb||0px||false|false\u00bb custom_padding=\u00bb25px|25px|25px|25px|true|true\u00bb border_radii=\u00bbon|5px|5px|5px|5px\u00bb border_color_left=\u00bb#EF7F00&#8243; box_shadow_style=\u00bbpreset1&#8243; box_shadow_color=\u00bb#DDEF30&#8243; global_colors_info=\u00bb{}\u00bb]<\/p>\n<h1>Producimos m\u00e1s con menos<\/h1>\n<p>La innovaci\u00f3n es la clave para encontrar soluciones, para nosotros y para nuestros clientes. Nuestro enfoque se centra en la ejecuci\u00f3n y la eficiencia. Todo el mundo comete errores y aprendemos de ellos.  <\/p>\n<p>[\/et_pb_text][\/et_pb_column][\/et_pb_row][\/et_pb_section]<\/p>\n","protected":false},"excerpt":{"rendered":"<p>La nueva energ\u00eda marca la diferenciaHacer realidad la transici\u00f3n a la energ\u00eda solar significa que nuestros sistemas de montaje se instalar\u00e1n en millones de tejados en todo el mundo. Este es un viaje que solo podremos completar con \u00e9xito si lo hacemos juntos. Lluvia de ideas, generar buenas estrategias, innovar, juntos siempre trabajamos mejor. Si a\u00f1ades tu entusiasmo, impulso y energ\u00eda a nuestro equipo, estaremos all\u00ed para capacitarte y desafiarte a\u00fan m\u00e1s. En una organizaci\u00f3n en crecimiento donde podr\u00e1s desarrollarte y destacar. Contamos con un equipo de m\u00e1s de 650 compa\u00f1eros en todo el mundo; este es el mayor y m\u00e1s importante valor de nuestra empresa. Somos muchos, pero juntos formamos un solo equipo. Todo comenz\u00f3 en los Pa\u00edses Bajos y, por supuesto, apreciamos nuestra historia neerlandesa, pero estamos orgullosos de nuestros equipos diversos e internacionales, con m\u00e1s de 20 nacionalidades, que atienden a nuestros clientes en todo el mundo. Tratamos a todos con respeto, independientemente de su posici\u00f3n o creencia. Nos apoyamos mutuamente, tanto profesional como personalmente. Somos una familia Nos escuchamos los unos a los otros. La transparencia y la comunicaci\u00f3n son fundamentales para trabajar juntos, para ser un verdadero equipo. Confiamos en que cumpliremos con nuestras obligaciones [&hellip;]<\/p>\n","protected":false},"author":2,"featured_media":0,"parent":0,"menu_order":0,"comment_status":"closed","ping_status":"closed","template":"","meta":{"_acf_changed":false,"_et_pb_use_builder":"on","_et_pb_old_content":"","_et_gb_content_width":"","footnotes":""},"class_list":["post-51652","page","type-page","status-publish","hentry"],"acf":[],"_links":{"self":[{"href":"https:\/\/careers.enstall.com\/es\/wp-json\/wp\/v2\/pages\/51652","targetHints":{"allow":["GET"]}}],"collection":[{"href":"https:\/\/careers.enstall.com\/es\/wp-json\/wp\/v2\/pages"}],"about":[{"href":"https:\/\/careers.enstall.com\/es\/wp-json\/wp\/v2\/types\/page"}],"author":[{"embeddable":true,"href":"https:\/\/careers.enstall.com\/es\/wp-json\/wp\/v2\/users\/2"}],"replies":[{"embeddable":true,"href":"https:\/\/careers.enstall.com\/es\/wp-json\/wp\/v2\/comments?post=51652"}],"version-history":[{"count":6,"href":"https:\/\/careers.enstall.com\/es\/wp-json\/wp\/v2\/pages\/51652\/revisions"}],"predecessor-version":[{"id":51720,"href":"https:\/\/careers.enstall.com\/es\/wp-json\/wp\/v2\/pages\/51652\/revisions\/51720"}],"wp:attachment":[{"href":"https:\/\/careers.enstall.com\/es\/wp-json\/wp\/v2\/media?parent=51652"}],"curies":[{"name":"wp","href":"https:\/\/api.w.org\/{rel}","templated":true}]}}